{"id":2124,"date":"2024-11-29T10:07:25","date_gmt":"2024-11-29T09:07:25","guid":{"rendered":"https:\/\/ahdb-europe.armstrong.space\/accessibilite\/"},"modified":"2025-01-17T14:01:07","modified_gmt":"2025-01-17T13:01:07","slug":"accessibilite","status":"publish","type":"page","link":"https:\/\/qualitymeatfrombritain.com\/be-fr\/accessibilite\/","title":{"rendered":"Accessibilit\u00e9"},"content":{"rendered":"\n<div class=\"wp-block-cover alignfull page_cover_banner\" style=\"margin-top:0;margin-bottom:0;padding-top:0;padding-right:0;padding-bottom:0;padding-left:0\"><span aria-hidden=\"true\" class=\"wp-block-cover__background has-background-dim-40 has-background-dim has-background-gradient\" style=\"background:linear-gradient(180deg,rgb(30,80,160) 0%,rgba(0,0,0,0) 100%)\"><\/span><img loading=\"lazy\" decoding=\"async\" width=\"1920\" height=\"684\" src=\"https:\/\/qualitymeatfrombritain.com\/wp-content\/uploads\/2024\/10\/contact_thumbnail.webp\" class=\"wp-block-cover__image-background wp-post-image\" alt=\"\" data-object-fit=\"cover\" data-object-position=\"50% 75%\" style=\"object-position:50% 75%;\" srcset=\"https:\/\/qualitymeatfrombritain.com\/wp-content\/uploads\/2024\/10\/contact_thumbnail.webp 1920w, https:\/\/qualitymeatfrombritain.com\/wp-content\/uploads\/2024\/10\/contact_thumbnail-300x107.webp 300w, https:\/\/qualitymeatfrombritain.com\/wp-content\/uploads\/2024\/10\/contact_thumbnail-1024x365.webp 1024w, https:\/\/qualitymeatfrombritain.com\/wp-content\/uploads\/2024\/10\/contact_thumbnail-768x274.webp 768w, https:\/\/qualitymeatfrombritain.com\/wp-content\/uploads\/2024\/10\/contact_thumbnail-1536x547.webp 1536w\" sizes=\"auto, (max-width: 1920px) 100vw, 1920px\" \/><div class=\"wp-block-cover__inner-container is-layout-flow wp-container-core-cover-is-layout-e603688c wp-block-cover-is-layout-flow\">\n<div class=\"wp-block-columns alignfull has-background is-layout-flex wp-container-core-columns-is-layout-1a3f87fd wp-block-columns-is-layout-flex\" style=\"background:linear-gradient(90deg,rgba(4,4,63,0.8) 0%,rgba(4,4,64,0) 53%);margin-top:0;margin-bottom:0;padding-top:0;padding-bottom:0\">\n<div class=\"wp-block-column has-global-padding is-layout-constrained wp-container-core-column-is-layout-639b5052 wp-block-column-is-layout-constrained\" style=\"padding-top:0;padding-right:0;padding-bottom:0;padding-left:0\">\n<div class=\"wp-block-columns alignwide padding_banner is-layout-flex wp-container-core-columns-is-layout-e28b9f0e wp-block-columns-is-layout-flex\" style=\"padding-top:295px;padding-right:0px;padding-bottom:295px;padding-left:0px\">\n<div class=\"wp-block-column is-layout-flow wp-container-core-column-is-layout-f6f2f570 wp-block-column-is-layout-flow\" style=\"padding-top:0;padding-right:0;padding-bottom:0;padding-left:0\"><h1 style=\"font-size:clamp(37.821px, 2.364rem + ((1vw - 3.2px) * 2.873), 70px);font-style:normal;font-weight:900; margin-bottom:0px;\" class=\"has-link-color wp-elements-4de3f235a8d2f55c27233a29ea5201b0 wp-block-post-title has-text-color has-base-color has-minerva-modern-font-family\">Accessibilit\u00e9<\/h1><\/div>\n<\/div>\n<\/div>\n<\/div>\n<\/div><\/div>\n\n\n\n<div class=\"wp-block-columns is-layout-flex wp-container-core-columns-is-layout-751746af wp-block-columns-is-layout-flex\" style=\"padding-top:10px;padding-right:0;padding-bottom:10px;padding-left:0\">\n<div class=\"wp-block-column has-custom-gray-color has-text-color has-link-color wp-elements-b6152f05ef4bc1bc80fad40c05fafc1a has-global-padding is-layout-constrained wp-container-core-column-is-layout-7950b0f7 wp-block-column-is-layout-constrained\" style=\"padding-right:0;padding-left:0;font-size:12px;line-height:2;text-transform:uppercase\"><nav aria-label=\"breadcrumbs\" class=\"rank-math-breadcrumb\"><p><span class=\"last\">Page d\u2019accueil<\/span><\/p><\/nav>\n<\/div>\n<\/div>\n\n\n\n<div class=\"wp-block-columns alignfull has-base-background-color has-background is-layout-flex wp-container-core-columns-is-layout-ba7da649 wp-block-columns-is-layout-flex\" style=\"margin-top:0;margin-bottom:100px;padding-top:0;padding-bottom:0\">\n<div class=\"wp-block-column has-global-padding is-layout-constrained wp-container-core-column-is-layout-e5645580 wp-block-column-is-layout-constrained\">\n<div class=\"wp-block-group blue_new_tab_link is-vertical is-layout-flex wp-container-core-group-is-layout-1d28e81d wp-block-group-is-layout-flex\" style=\"border-radius:0px;border-bottom-color:var(--wp--preset--color--custom-red);border-bottom-width:1px;padding-bottom:50px\">\n<div class=\"wp-block-group is-vertical is-content-justification-left is-layout-flex wp-container-core-group-is-layout-1ec99a5f wp-block-group-is-layout-flex\">\n<h2 class=\"wp-block-heading has-text-align-left has-custom-blue-color has-text-color has-link-color wp-elements-a8267a8fbbb99988a52113f811efd23c\" style=\"font-size:clamp(31.152px, 1.947rem + ((1vw - 3.2px) * 2.129), 55px);font-style:normal;font-weight:700;text-transform:none\">Accessibilit\u00e9 : informations et ressources<\/h2>\n<\/div>\n\n\n\n<p>Il existe tout un \u00e9ventail d\u2019outils et de guides pas \u00e0 pas pouvant vous aider \u00e0 parcourir les contenus en ligne. D\u00e9couvrez ces ressources et ce que nous faisons pour rendre notre site Web plus accessible.<\/p>\n\n\n\n<p>Nous nous effor\u00e7ons en permanence de veiller \u00e0 ce que notre contenu soit accessible \u00e0 tous, y compris aux personnes souffrant de d\u00e9ficiences auditives, visuelles, cognitives et motrices.<\/p>\n\n\n\n<p><a href=\"https:\/\/ahdb.org.uk\/accessibility-statement\" target=\"_blank\" rel=\"noreferrer noopener\">Consulter notre d\u00e9claration d\u2019accessibilit\u00e9<\/a><\/p>\n\n\n\n<p>Voici quelques initiatives cl\u00e9s sur lesquelles nous travaillons :<\/p>\n\n\n\n<ul class=\"wp-block-list\">\n<li>Am\u00e9lioration de l\u2019utilisation des couleurs sur notre site Web et de l\u2019interface utilisateur<\/li>\n\n\n\n<li>\u00c9tude des moyens d\u2019am\u00e9liorer l\u2019accessibilit\u00e9 de nos vid\u00e9os, par exemple en les sous-titrant<\/li>\n\n\n\n<li>Am\u00e9lioration de la structure et de la r\u00e9daction de notre contenu afin qu\u2019il puisse \u00eatre compris par le plus grand nombre<\/li>\n\n\n\n<li>R\u00e9alisation de tests d\u2019assurance qualit\u00e9 afin d\u2019\u00e9tayer notre plan d\u2019am\u00e9lioration de la fonctionnalit\u00e9 et de l\u2019accessibilit\u00e9 du site Web<\/li>\n<\/ul>\n\n\n\n<div class=\"wp-block-group is-vertical is-content-justification-left is-layout-flex wp-container-core-group-is-layout-1ec99a5f wp-block-group-is-layout-flex\">\n<h2 class=\"wp-block-heading has-text-align-left has-custom-blue-color has-text-color has-link-color wp-elements-45eff1c1d0818cc95a5bfbc3bab546bc\" style=\"font-size:clamp(31.152px, 1.947rem + ((1vw - 3.2px) * 2.129), 55px);font-style:normal;font-weight:700;text-transform:none\">Outils en ligne et liens utiles<\/h2>\n<\/div>\n\n\n\n<p>AbilityNet pr\u00e9sente d\u2019un large \u00e9ventail de fiches d\u2019information et de renseignements destin\u00e9s \u00e0 aider les utilisateurs du site Web souffrant de handicap. Son site Web contient d\u2019autres liens vers des organisations li\u00e9es \u00e0 l\u2019alphab\u00e9tisation et des fournisseurs informatiques sp\u00e9cialis\u00e9s.<\/p>\n\n\n\n<p><a href=\"http:\/\/www.abilitynet.org.uk\/\" target=\"_blank\" rel=\"noreferrer noopener\">Visiter AbilityNet<\/a><\/p>\n\n\n\n<p>Wikip\u00e9dia pr\u00e9sente un aper\u00e7u utile du sujet et fournit de plus amples informations sur l\u2019accessibilit\u00e9 num\u00e9rique.<\/p>\n\n\n\n<p><a href=\"http:\/\/en.wikipedia.org\/wiki\/Computer_accessibility\" target=\"_blank\" rel=\"noreferrer noopener\">Lire le guide de Wikip\u00e9dia sur l\u2019accessibilit\u00e9 informatique<\/a><\/p>\n\n\n\n<p>La Website Accessibility Initiative (initiative d\u2019acc\u00e8s Web, ou WAI) collabore avec de nombreuses organisations pour les aider \u00e0 rendre leur contenu facile d\u2019acc\u00e8s.<\/p>\n\n\n\n<p><a href=\"http:\/\/www.w3.org\/WAI\/\" target=\"_blank\" rel=\"noreferrer noopener\">En savoir plus sur la WAI sur le site du W3C<\/a><\/p>\n\n\n\n<p>Guides d\u2019accessibilit\u00e9 produits par les syst\u00e8mes d\u2019exploitation :<\/p>\n\n\n\n<ul class=\"wp-block-list\">\n<li><a href=\"http:\/\/www.apple.com\/accessibility\/\" target=\"_blank\" rel=\"noreferrer noopener\">Guide d\u2019Apple sur l\u2019acc\u00e8s au Macintosh pour les utilisateurs souffrant de handicap<\/a><\/li>\n\n\n\n<li><a href=\"http:\/\/projects.gnome.org\/accessibility\/\" target=\"_blank\" rel=\"noreferrer noopener\">Accessibilit\u00e9 de Gnome \u2013 d\u00e9veloppeurs travaillant sur des solutions open-source pour Linux<\/a><\/li>\n\n\n\n<li><a href=\"http:\/\/www.microsoft.com\/enable\/\" target=\"_blank\" rel=\"noreferrer noopener\">Site de Microsoft sur l\u2019accessibilit\u00e9<\/a><\/li>\n<\/ul>\n\n\n\n<div class=\"wp-block-group is-vertical is-content-justification-left is-layout-flex wp-container-core-group-is-layout-1ec99a5f wp-block-group-is-layout-flex\">\n<h2 class=\"wp-block-heading has-text-align-left has-custom-blue-color has-text-color has-link-color wp-elements-7f6a621538fd044f4c7d801f08f524d3\" style=\"font-size:clamp(31.152px, 1.947rem + ((1vw - 3.2px) * 2.129), 55px);font-style:normal;font-weight:700;text-transform:none\">Autres ressources<\/h2>\n<\/div>\n\n\n\n<p><a href=\"https:\/\/www.tavip.org.uk\/\" target=\"_blank\" rel=\"noreferrer noopener\">\u00ab Technology Association of Visually Impaired People, TAVIP \u00bb (Association technologique des malvoyants)<\/a><\/p>\n\n\n\n<p><a href=\"http:\/\/www.rnib.org.uk\/\" target=\"_blank\" rel=\"noreferrer noopener\">\u00ab Royal National Institute of the Blind \u00bb (Institut royal national des aveugles)<\/a><\/p>\n\n\n\n<p><a href=\"https:\/\/rnid.org.uk\/\" target=\"_blank\" rel=\"noreferrer noopener\">\u00ab National hearing loss charity, RNID \u00bb (Organisation caritative nationale de lutte contre la perte d\u2019audition)<\/a><\/p>\n\n\n\n<p><a href=\"http:\/\/www.bda.org.uk\/\" target=\"_blank\" rel=\"noreferrer noopener\">\u00ab British Deaf Association \u00bb (Association britannique des sourds)<\/a><\/p>\n\n\n\n<p><a href=\"http:\/\/www.bdadyslexia.org.uk\/\" target=\"_blank\" rel=\"noreferrer noopener\">\u00ab British Dyslexia Association \u00bb (Association britannique pour la dyslexie)<\/a><\/p>\n\n\n\n<p><a href=\"http:\/\/www.literacytrust.org.uk\/\" target=\"_blank\" rel=\"noreferrer noopener\">\u00ab National Literacy Trust \u00bb (Association nationale pour l\u2019alphab\u00e9tisation)<\/a><\/p>\n<\/div>\n<\/div>\n<\/div>\n","protected":false},"excerpt":{"rendered":"<p>Accessibilit\u00e9 : informations et ressources Il existe tout un \u00e9ventail d\u2019outils et de guides pas \u00e0 pas pouvant vous aider \u00e0 parcourir les contenus en ligne. D\u00e9couvrez ces ressources et ce que nous faisons pour rendre notre site Web plus accessible. Nous nous effor\u00e7ons en permanence de veiller \u00e0 ce que notre contenu soit accessible [&hellip;]<\/p>\n","protected":false},"author":1,"featured_media":2125,"parent":0,"menu_order":0,"comment_status":"closed","ping_status":"closed","template":"","meta":{"_acf_changed":false,"footnotes":""},"class_list":["post-2124","page","type-page","status-publish","has-post-thumbnail","hentry"],"acf":[],"_links":{"self":[{"href":"https:\/\/qualitymeatfrombritain.com\/be-fr\/wp-json\/wp\/v2\/pages\/2124","targetHints":{"allow":["GET"]}}],"collection":[{"href":"https:\/\/qualitymeatfrombritain.com\/be-fr\/wp-json\/wp\/v2\/pages"}],"about":[{"href":"https:\/\/qualitymeatfrombritain.com\/be-fr\/wp-json\/wp\/v2\/types\/page"}],"author":[{"embeddable":true,"href":"https:\/\/qualitymeatfrombritain.com\/be-fr\/wp-json\/wp\/v2\/users\/1"}],"replies":[{"embeddable":true,"href":"https:\/\/qualitymeatfrombritain.com\/be-fr\/wp-json\/wp\/v2\/comments?post=2124"}],"version-history":[{"count":1,"href":"https:\/\/qualitymeatfrombritain.com\/be-fr\/wp-json\/wp\/v2\/pages\/2124\/revisions"}],"predecessor-version":[{"id":2469,"href":"https:\/\/qualitymeatfrombritain.com\/be-fr\/wp-json\/wp\/v2\/pages\/2124\/revisions\/2469"}],"wp:featuredmedia":[{"embeddable":true,"href":"https:\/\/qualitymeatfrombritain.com\/be-fr\/wp-json\/wp\/v2\/media\/2125"}],"wp:attachment":[{"href":"https:\/\/qualitymeatfrombritain.com\/be-fr\/wp-json\/wp\/v2\/media?parent=2124"}],"curies":[{"name":"wp","href":"https:\/\/api.w.org\/{rel}","templated":true}]}}