{"id":2145,"date":"2024-10-11T12:28:47","date_gmt":"2024-10-11T10:28:47","guid":{"rendered":"https:\/\/ahdb-europe.armstrong.space\/halal\/"},"modified":"2025-01-17T14:02:59","modified_gmt":"2025-01-17T13:02:59","slug":"halal","status":"publish","type":"page","link":"https:\/\/qualitymeatfrombritain.com\/be-fr\/halal\/","title":{"rendered":"Halal"},"content":{"rendered":"\n<div class=\"wp-block-cover alignfull page_cover_banner\" style=\"margin-top:0;margin-bottom:0;padding-top:0;padding-right:0;padding-bottom:0;padding-left:0\"><span aria-hidden=\"true\" class=\"wp-block-cover__background has-background-dim-40 has-background-dim has-background-gradient\" style=\"background:linear-gradient(180deg,rgb(30,80,160) 0%,rgba(0,0,0,0) 100%)\"><\/span><img loading=\"lazy\" decoding=\"async\" width=\"1920\" height=\"684\" src=\"https:\/\/qualitymeatfrombritain.com\/wp-content\/uploads\/2024\/10\/halal_thumbnail.webp\" class=\"wp-block-cover__image-background wp-post-image\" alt=\"\" data-object-fit=\"cover\" data-object-position=\"50% 75%\" style=\"object-position:50% 75%;\" srcset=\"https:\/\/qualitymeatfrombritain.com\/wp-content\/uploads\/2024\/10\/halal_thumbnail.webp 1920w, https:\/\/qualitymeatfrombritain.com\/wp-content\/uploads\/2024\/10\/halal_thumbnail-300x107.webp 300w, https:\/\/qualitymeatfrombritain.com\/wp-content\/uploads\/2024\/10\/halal_thumbnail-1024x365.webp 1024w, https:\/\/qualitymeatfrombritain.com\/wp-content\/uploads\/2024\/10\/halal_thumbnail-768x274.webp 768w, https:\/\/qualitymeatfrombritain.com\/wp-content\/uploads\/2024\/10\/halal_thumbnail-1536x547.webp 1536w\" sizes=\"auto, (max-width: 1920px) 100vw, 1920px\" \/><div class=\"wp-block-cover__inner-container is-layout-flow wp-container-core-cover-is-layout-e603688c wp-block-cover-is-layout-flow\">\n<div class=\"wp-block-columns alignfull has-background is-layout-flex wp-container-core-columns-is-layout-1a3f87fd wp-block-columns-is-layout-flex\" style=\"background:linear-gradient(90deg,rgba(4,4,63,0.8) 0%,rgba(4,4,64,0) 53%);margin-top:0;margin-bottom:0;padding-top:0;padding-bottom:0\">\n<div class=\"wp-block-column has-global-padding is-layout-constrained wp-container-core-column-is-layout-639b5052 wp-block-column-is-layout-constrained\" style=\"padding-top:0;padding-right:0;padding-bottom:0;padding-left:0\">\n<div class=\"wp-block-columns alignwide padding_banner is-layout-flex wp-container-core-columns-is-layout-e28b9f0e wp-block-columns-is-layout-flex\" style=\"padding-top:295px;padding-right:0px;padding-bottom:295px;padding-left:0px\">\n<div class=\"wp-block-column is-layout-flow wp-container-core-column-is-layout-f6f2f570 wp-block-column-is-layout-flow\" style=\"padding-top:0;padding-right:0;padding-bottom:0;padding-left:0\"><h1 style=\"font-size:clamp(37.821px, 2.364rem + ((1vw - 3.2px) * 2.873), 70px);font-style:normal;font-weight:900; margin-bottom:0px;\" class=\"has-link-color wp-elements-4de3f235a8d2f55c27233a29ea5201b0 wp-block-post-title has-text-color has-base-color has-minerva-modern-font-family\">Halal<\/h1><\/div>\n<\/div>\n<\/div>\n<\/div>\n<\/div><\/div>\n\n\n\n<div class=\"wp-block-columns is-layout-flex wp-container-core-columns-is-layout-751746af wp-block-columns-is-layout-flex\" style=\"padding-top:10px;padding-right:0;padding-bottom:10px;padding-left:0\">\n<div class=\"wp-block-column has-custom-gray-color has-text-color has-link-color wp-elements-b6152f05ef4bc1bc80fad40c05fafc1a has-global-padding is-layout-constrained wp-container-core-column-is-layout-7950b0f7 wp-block-column-is-layout-constrained\" style=\"padding-right:0;padding-left:0;font-size:12px;line-height:2;text-transform:uppercase\"><nav aria-label=\"breadcrumbs\" class=\"rank-math-breadcrumb\"><p><span class=\"last\">Page d\u2019accueil<\/span><\/p><\/nav>\n<\/div>\n<\/div>\n\n\n\n<div class=\"wp-block-columns alignfull has-base-background-color has-background is-layout-flex wp-container-core-columns-is-layout-ebf5f8d3 wp-block-columns-is-layout-flex\" style=\"margin-top:0;margin-bottom:50px;padding-top:0;padding-bottom:0\">\n<div class=\"wp-block-column has-global-padding is-layout-constrained wp-container-core-column-is-layout-3ddb097f wp-block-column-is-layout-constrained\">\n<div class=\"wp-block-group is-vertical is-content-justification-center is-layout-flex wp-container-core-group-is-layout-5dc238e9 wp-block-group-is-layout-flex\" style=\"margin-top:0;margin-bottom:0\">\n<h2 class=\"wp-block-heading has-text-align-center has-custom-blue-color has-text-color has-link-color wp-elements-207eb709b09676ea655c697b0ef45cfa\" style=\"font-size:clamp(31.152px, 1.947rem + ((1vw - 3.2px) * 2.129), 55px);font-style:normal;font-weight:700;text-transform:none\">D\u00e9couvrez l\u2019excellence de la viande halal origine Grande-Bretagne<\/h2>\n<\/div>\n<\/div>\n<\/div>\n\n\n\n<div class=\"wp-block-columns alignfull has-base-background-color has-background is-layout-flex wp-container-core-columns-is-layout-9eb81ac0 wp-block-columns-is-layout-flex\" style=\"margin-top:0;margin-bottom:80px;padding-top:0;padding-bottom:0\">\n<div class=\"wp-block-column has-global-padding is-layout-constrained wp-container-core-column-is-layout-3ddb097f wp-block-column-is-layout-constrained\">\n<p class=\"has-text-align-left has-large-font-size\">D\u00e9couvrez la viande halal haut de gamme origine Grande-Bretagne, qui allie tradition et durabilit\u00e9. Le riche patrimoine de la fili\u00e8re viande de la Grande-Bretagne, combin\u00e9 \u00e0 un engagement ind\u00e9fectible envers les principes halal, permet \u00e0 la Grande-Bretagne d\u2019apporter les meilleures r\u00e9ponses aux besoins des march\u00e9s halal du monde entier.<\/p>\n<\/div>\n<\/div>\n\n\n\n<div class=\"wp-block-cover alignfull inclined_band_mobile_hide\" style=\"margin-top:80px;min-height:20vh;aspect-ratio:unset;\"><span aria-hidden=\"true\" class=\"wp-block-cover__background has-background-dim-0 has-background-dim\" style=\"background-color:#530439\"><\/span><img decoding=\"async\" class=\"wp-block-cover__image-background wp-image-361\" alt=\"Top Inclined Band\" src=\"https:\/\/qualitymeatfrombritain.com\/wp-content\/uploads\/2024\/10\/top_inclined_band.svg\" style=\"object-position:50% 0%\" data-object-fit=\"cover\" data-object-position=\"50% 0%\"\/><div class=\"wp-block-cover__inner-container has-global-padding is-layout-constrained wp-block-cover-is-layout-constrained\">\n<p class=\"has-text-align-center has-large-font-size\"><\/p>\n<\/div><\/div>\n\n\n\n<div class=\"wp-block-cover alignfull inclined_band_mobile_show\" style=\"margin-top:40px;min-height:100px;aspect-ratio:unset;\"><span aria-hidden=\"true\" class=\"wp-block-cover__background has-background-dim-0 has-background-dim\" style=\"background-color:#530439\"><\/span><img decoding=\"async\" class=\"wp-block-cover__image-background wp-image-1530\" alt=\"Top Inclined Band for mobile\" src=\"https:\/\/qualitymeatfrombritain.com\/wp-content\/uploads\/2024\/11\/mobile_top_inclined_band.svg\" style=\"object-position:50% 0%\" data-object-fit=\"cover\" data-object-position=\"50% 0%\"\/><div class=\"wp-block-cover__inner-container has-global-padding is-layout-constrained wp-block-cover-is-layout-constrained\">\n<p class=\"has-text-align-center has-large-font-size\"><\/p>\n<\/div><\/div>\n\n\n\n<div class=\"wp-block-columns alignfull has-base-color has-custom-blue-background-color has-text-color has-background has-link-color wp-elements-d227246db605b6cfe3f00b7bfea32873 is-layout-flex wp-container-core-columns-is-layout-11ee8a34 wp-block-columns-is-layout-flex\" style=\"margin-top:-5px;margin-bottom:-5px;padding-top:5px;padding-bottom:5px\">\n<div class=\"wp-block-column has-global-padding is-layout-constrained wp-container-core-column-is-layout-e36d217e wp-block-column-is-layout-constrained\" style=\"padding-top:80px;padding-bottom:80px\">\n<div class=\"wp-block-group is-vertical is-content-justification-center is-layout-flex wp-container-core-group-is-layout-0f71d0ff wp-block-group-is-layout-flex\" style=\"margin-top:0;margin-bottom:0;padding-right:0;padding-left:0\">\n<h2 class=\"wp-block-heading has-text-align-center has-base-color has-text-color has-link-color wp-elements-2c9949847faa105b0be30948ec4633e0\" style=\"font-size:clamp(31.152px, 1.947rem + ((1vw - 3.2px) * 2.129), 55px);font-style:normal;font-weight:700;text-transform:none\">Pionnier des normes halal et du bien-\u00eatre des animaux<\/h2>\n<\/div>\n\n\n\n<p class=\"has-text-align-left\" style=\"padding-right:0;padding-left:0\">Le R-U est fier de maintenir des normes \u00e9lev\u00e9es en termes de bien-\u00eatre des animaux et de qualit\u00e9 de la viande. Les techniques d\u2019\u00e9levage et de transformation en Grande-Bretagne sont con\u00e7ues pour r\u00e9duire l\u2019impact environnemental tout en respectant les r\u00e8gles strictes gouvernant la production de viande halal. Cet engagement ind\u00e9fectible garantit que chaque morceau de viande d\u00e9passe les attentes des consommateurs halal du monde entier.<\/p>\n\n\n\n<figure class=\"wp-block-image aligncenter size-full\"><img loading=\"lazy\" decoding=\"async\" width=\"1241\" height=\"580\" src=\"https:\/\/qualitymeatfrombritain.com\/wp-content\/uploads\/2024\/11\/halal_standards_de.webp\" alt=\"eine Familie, die Halal-Essen isst\" class=\"wp-image-1740\" style=\"object-fit:cover\" srcset=\"https:\/\/qualitymeatfrombritain.com\/wp-content\/uploads\/2024\/11\/halal_standards_de.webp 1241w, https:\/\/qualitymeatfrombritain.com\/wp-content\/uploads\/2024\/11\/halal_standards_de-300x140.webp 300w, https:\/\/qualitymeatfrombritain.com\/wp-content\/uploads\/2024\/11\/halal_standards_de-1024x479.webp 1024w, https:\/\/qualitymeatfrombritain.com\/wp-content\/uploads\/2024\/11\/halal_standards_de-768x359.webp 768w\" sizes=\"auto, (max-width: 1241px) 100vw, 1241px\" \/><\/figure>\n\n\n\n<div class=\"wp-block-group is-vertical is-content-justification-center is-layout-flex wp-container-core-group-is-layout-319feb4c wp-block-group-is-layout-flex\" style=\"padding-top:0;padding-right:0;padding-bottom:0;padding-left:0\">\n<h2 class=\"wp-block-heading has-text-align-center has-base-color has-text-color has-link-color wp-elements-04fea84bbb3ba2d7f58848094961c300\" style=\"font-size:clamp(31.152px, 1.947rem + ((1vw - 3.2px) * 2.129), 55px);font-style:normal;font-weight:700;text-transform:none\">Un savoir-faire couvrant le march\u00e9 national et international<\/h2>\n<\/div>\n\n\n\n<p class=\"has-text-align-left\" style=\"padding-right:0;padding-left:0\">Forts de leurs dizaines d\u2019ann\u00e9es d\u2019exp\u00e9rience, les transformateurs de viande de Grande-Bretagne sont devenus un choix s\u00fbr pour la viande halal au R-U, en Europe et au Moyen-Orient. Une connaissance exceptionnelle des besoins des diff\u00e9rents march\u00e9s permet aux \u00e9leveurs de Grande-Bretagne d\u2019offrir des produits qui r\u00e9pondent \u00e0 des exigences sp\u00e9cifiques en mati\u00e8re de conformation de la carcasse, de poids et d\u2019\u00e9tat d\u2019engraissement. Ce savoir-faire s\u2019accompagne de solides mesures de tra\u00e7age, gage de transparence de la ferme jusqu&#8217;\u00e0 l&#8217;assiette.<\/p>\n<\/div>\n<\/div>\n\n\n\n<div class=\"wp-block-cover alignfull inclined_band_mobile_show\" style=\"margin-top:0px;margin-bottom:50px;min-height:100px;aspect-ratio:unset;\"><span aria-hidden=\"true\" class=\"wp-block-cover__background has-background-dim-0 has-background-dim\" style=\"background-color:#6a0438\"><\/span><img decoding=\"async\" class=\"wp-block-cover__image-background wp-image-1525\" alt=\"Bottom Inclined Band for mobile\" src=\"https:\/\/qualitymeatfrombritain.com\/wp-content\/uploads\/2024\/11\/mobile_bottom_inclined_band.svg\" style=\"object-position:50% 100%\" data-object-fit=\"cover\" data-object-position=\"50% 100%\"\/><div class=\"wp-block-cover__inner-container has-global-padding is-layout-constrained wp-block-cover-is-layout-constrained\">\n<p class=\"has-text-align-center has-large-font-size\"><\/p>\n<\/div><\/div>\n\n\n\n<div class=\"wp-block-cover alignfull inclined_band_mobile_hide\" style=\"margin-top:0px;margin-bottom:100px;min-height:20vh;aspect-ratio:unset;\"><span aria-hidden=\"true\" class=\"wp-block-cover__background has-background-dim-0 has-background-dim\" style=\"background-color:#6a0438\"><\/span><img decoding=\"async\" class=\"wp-block-cover__image-background wp-image-367\" alt=\"Bottom Inclined Band\" src=\"https:\/\/qualitymeatfrombritain.com\/wp-content\/uploads\/2024\/10\/bottom_inclined_band.svg\" style=\"object-position:50% 100%\" data-object-fit=\"cover\" data-object-position=\"50% 100%\"\/><div class=\"wp-block-cover__inner-container has-global-padding is-layout-constrained wp-block-cover-is-layout-constrained\">\n<p class=\"has-text-align-center has-large-font-size\"><\/p>\n<\/div><\/div>\n\n\n\n<div class=\"wp-block-columns is-layout-flex wp-container-core-columns-is-layout-d79672c1 wp-block-columns-is-layout-flex\" style=\"margin-bottom:100px;padding-top:0;padding-right:0;padding-bottom:0;padding-left:0\">\n<div class=\"wp-block-column has-global-padding is-layout-constrained wp-container-core-column-is-layout-8eaf72d3 wp-block-column-is-layout-constrained\">\n<div class=\"wp-block-columns is-layout-flex wp-container-core-columns-is-layout-5bca536f wp-block-columns-is-layout-flex\" style=\"padding-top:0;padding-right:0;padding-bottom:0;padding-left:0\">\n<div class=\"wp-block-column is-layout-flow wp-container-core-column-is-layout-24566216 wp-block-column-is-layout-flow\" style=\"padding-top:0;padding-right:0;padding-bottom:0;padding-left:0\">\n<div class=\"wp-block-group is-vertical is-content-justification-left is-layout-flex wp-container-core-group-is-layout-ebed073e wp-block-group-is-layout-flex\" style=\"margin-top:0;margin-bottom:0\">\n<h2 class=\"wp-block-heading has-text-align-left has-custom-blue-color has-text-color has-link-color wp-elements-fbede2ecd742fd745f7b43ab206667ae\" style=\"font-size:clamp(31.152px, 1.947rem + ((1vw - 3.2px) * 2.129), 55px);font-style:normal;font-weight:700;text-transform:none\">Engagement envers l\u2019int\u00e9grit\u00e9 halal<\/h2>\n<\/div>\n\n\n\n<p>L\u2019engagement de la Grande-Bretagne envers l\u2019int\u00e9grit\u00e9 halal est renforc\u00e9 par des initiatives comme la cr\u00e9ation du groupe de la fili\u00e8re halal au R-U. Ces efforts facilitent le dialogue entre les sp\u00e9cialistes de l\u2019islam, les organismes de certification et les transformateurs de viande afin d\u2019am\u00e9liorer en permanence les pratiques halal. Des visites annuelles des exploitations incitent les parties prenantes \u00e0 dialoguer de fa\u00e7on constructive sur le bien-\u00eatre des animaux et les am\u00e9liorations des cha\u00eenes d\u2019approvisionnement.<\/p>\n<\/div>\n\n\n\n<div class=\"wp-block-column is-vertically-aligned-center is-layout-flow wp-block-column-is-layout-flow\">\n<figure class=\"wp-block-image aligncenter size-full\"><img loading=\"lazy\" decoding=\"async\" width=\"596\" height=\"430\" src=\"https:\/\/qualitymeatfrombritain.com\/wp-content\/uploads\/2024\/11\/halal_integrity_de.webp\" alt=\"eine Familie, die Halal-Essen serviert\" class=\"wp-image-1733\" srcset=\"https:\/\/qualitymeatfrombritain.com\/wp-content\/uploads\/2024\/11\/halal_integrity_de.webp 596w, https:\/\/qualitymeatfrombritain.com\/wp-content\/uploads\/2024\/11\/halal_integrity_de-300x216.webp 300w\" sizes=\"auto, (max-width: 596px) 100vw, 596px\" \/><\/figure>\n<\/div>\n<\/div>\n<\/div>\n<\/div>\n\n\n\n<div class=\"wp-block-columns has-base-background-color has-background is-layout-flex wp-container-core-columns-is-layout-bccb0d6d wp-block-columns-is-layout-flex\" style=\"margin-bottom:60px;padding-top:0;padding-right:0;padding-bottom:0;padding-left:0\">\n<div class=\"wp-block-column has-global-padding is-layout-constrained wp-container-core-column-is-layout-58a38b60 wp-block-column-is-layout-constrained\" style=\"padding-top:0;padding-right:0;padding-bottom:0;padding-left:0\">\n<div class=\"wp-block-columns has-border-color has-custom-red-border-color is-layout-flex wp-container-core-columns-is-layout-34ff9683 wp-block-columns-is-layout-flex\" style=\"border-width:1px;padding-top:100px;padding-right:8%;padding-bottom:100px;padding-left:8%\">\n<div class=\"wp-block-column is-vertically-aligned-center is-layout-flow wp-container-core-column-is-layout-7fea69c4 wp-block-column-is-layout-flow\" style=\"flex-basis:100%\">\n<div class=\"wp-block-group is-vertical is-content-justification-center is-layout-flex wp-container-core-group-is-layout-9c9ee932 wp-block-group-is-layout-flex\">\n<figure class=\"wp-block-image aligncenter size-full\"><img decoding=\"async\" src=\"https:\/\/qualitymeatfrombritain.com\/wp-content\/uploads\/2024\/10\/halal_food_icon.svg\" alt=\"Halal Food Certified Logo\" class=\"wp-image-1101\"\/><\/figure>\n\n\n\n<div class=\"wp-block-group is-vertical is-content-justification-center is-layout-flex wp-container-core-group-is-layout-5dc238e9 wp-block-group-is-layout-flex\" style=\"margin-top:0;margin-bottom:0\">\n<h2 class=\"wp-block-heading has-text-align-center has-custom-blue-color has-text-color has-link-color wp-elements-b19e9795b0a4c83ca3b2a5d7cfd3ad1b\" style=\"font-size:clamp(31.152px, 1.947rem + ((1vw - 3.2px) * 2.129), 55px);font-style:normal;font-weight:700;text-transform:none\">Qualit\u00e9 et confiance garanties<\/h2>\n<\/div>\n<\/div>\n\n\n\n<div class=\"wp-block-group is-vertical is-layout-flex wp-container-core-group-is-layout-08f878cd wp-block-group-is-layout-flex\">\n<p class=\"has-text-align-left\">La viande halal de Grande-Bretagne est certifi\u00e9e par plusieurs organismes accr\u00e9dit\u00e9s reconnus par les autorit\u00e9s au Moyen-Orient, garantissant le respect des normes halal du Gulf Cooperation Council (GCC), de la Malaisie et de l\u2019Indon\u00e9sie.<\/p>\n\n\n\n<p class=\"has-text-align-left\">Le programme d\u2019assurance qualit\u00e9 Demonstration of Life (DoL) garantit en outre que les m\u00e9thodes d\u2019\u00e9tourdissement employ\u00e9es au R-U pr\u00e9servent l\u2019int\u00e9grit\u00e9 des exigences halal, offrant tranquillit\u00e9 d\u2019esprit aux consommateurs.<\/p>\n<\/div>\n\n\n\n<div class=\"wp-block-buttons is-content-justification-center is-layout-flex wp-container-core-buttons-is-layout-a89b3969 wp-block-buttons-is-layout-flex\">\n<div class=\"wp-block-button button-hover-transparent-blue-effect button-white-download-after\"><a class=\"wp-block-button__link has-base-color has-custom-blue-background-color has-text-color has-background has-link-color has-border-color has-custom-blue-border-color wp-element-button\" href=\"https:\/\/qualitymeatfrombritain.com\/wp-content\/uploads\/2024\/10\/BritishHalalMeat4671_English-WEB.pdf\" style=\"border-width:3px;border-radius:0px;padding-top:16px;padding-right:30px;padding-bottom:16px;padding-left:30px\" target=\"_blank\" rel=\"noreferrer noopener\">Download the Quality Halal Meat from Britain brochure<\/a><\/div>\n<\/div>\n<\/div>\n<\/div>\n<\/div>\n<\/div>\n\n\n\n<div class=\"wp-block-cover alignfull is-light\" style=\"border-top-color:var(--wp--preset--color--custom-red);border-top-width:5px;border-bottom-color:var(--wp--preset--color--custom-red);border-bottom-width:6px;margin-bottom:0px;padding-top:100px;padding-bottom:100px\"><span aria-hidden=\"true\" class=\"wp-block-cover__background has-base-background-color has-background-dim-70 has-background-dim\"><\/span><img loading=\"lazy\" decoding=\"async\" width=\"1920\" height=\"510\" class=\"wp-block-cover__image-background wp-image-585\" alt=\"photo of britain lambs\" src=\"https:\/\/qualitymeatfrombritain.com\/wp-content\/uploads\/2024\/10\/lamb_innovation_tradition.webp\" data-object-fit=\"cover\" srcset=\"https:\/\/qualitymeatfrombritain.com\/wp-content\/uploads\/2024\/10\/lamb_innovation_tradition.webp 1920w, https:\/\/qualitymeatfrombritain.com\/wp-content\/uploads\/2024\/10\/lamb_innovation_tradition-300x80.webp 300w, https:\/\/qualitymeatfrombritain.com\/wp-content\/uploads\/2024\/10\/lamb_innovation_tradition-1024x272.webp 1024w, https:\/\/qualitymeatfrombritain.com\/wp-content\/uploads\/2024\/10\/lamb_innovation_tradition-768x204.webp 768w, https:\/\/qualitymeatfrombritain.com\/wp-content\/uploads\/2024\/10\/lamb_innovation_tradition-1536x408.webp 1536w\" sizes=\"auto, (max-width: 1920px) 100vw, 1920px\" \/><div class=\"wp-block-cover__inner-container has-global-padding is-layout-constrained wp-container-core-cover-is-layout-7592d9e9 wp-block-cover-is-layout-constrained\">\n<div class=\"wp-block-group is-vertical is-content-justification-center is-layout-flex wp-container-core-group-is-layout-72cefc50 wp-block-group-is-layout-flex\" style=\"margin-top:0;margin-bottom:0;padding-top:0;padding-bottom:0\">\n<h2 class=\"wp-block-heading has-text-align-center has-custom-blue-color has-text-color has-link-color wp-elements-63e26d343a2acd130c5285e30e2a7c47\" style=\"font-size:clamp(31.152px, 1.947rem + ((1vw - 3.2px) * 2.129), 55px);font-style:normal;font-weight:700;text-transform:none\">C\u00e9l\u00e9brer la tradition avec l\u2019A\u00efd al-Adha<\/h2>\n<\/div>\n\n\n\n<div class=\"wp-block-group has-custom-gray-color has-text-color has-link-color wp-elements-e918bae5829cd244decc0e8d5704fcf6 is-vertical is-content-justification-left is-layout-flex wp-container-core-group-is-layout-3379e089 wp-block-group-is-layout-flex\">\n<p class=\"has-text-align-left\">En tant que leaders de march\u00e9 pour la c\u00e9l\u00e9bration de l\u2019A\u00efd al-Adha, les \u00e9leveurs et transformateurs de viande de Grande-Bretagne rendent honneur \u00e0 l\u2019importance du sacrifice (<em>qurbani<\/em>) en s\u00e9lectionnant et pr\u00e9parant soigneusement les animaux \u00e0 sacrifier. Les transformateurs de viande en Grande-Bretagne savent tr\u00e8s bien comment r\u00e9pondre aux besoins de cette tradition tr\u00e8s observ\u00e9e, en offrant une viande haut de gamme toute en soutenant les efforts charitables qui profitent aux communaut\u00e9s \u00e0 l\u2019\u00e9chelle locale et internationale.<\/p>\n\n\n\n<p class=\"has-text-align-left\">Contactez-nous et profitez de l\u2019assurance qualit\u00e9 in\u00e9gal\u00e9e de la viande halal origine Grande-Bretagne.<\/p>\n<\/div>\n<\/div><\/div>\n\n\n\n<div class=\"wp-block-columns alignfull has-custom-blue-background-color has-background is-layout-flex wp-container-core-columns-is-layout-9db31a36 wp-block-columns-is-layout-flex\" style=\"border-bottom-color:var(--wp--preset--color--custom-red);border-bottom-width:6px;padding-top:50px;padding-bottom:50px\">\n<div class=\"wp-block-column has-global-padding is-layout-constrained wp-container-core-column-is-layout-8eaf72d3 wp-block-column-is-layout-constrained\">\n<div class=\"wp-block-group is-content-justification-space-between is-layout-flex wp-container-core-group-is-layout-169d6775 wp-block-group-is-layout-flex\">\n<div class=\"wp-block-group wp-container-content-9dbf05af is-vertical is-content-justification-left is-nowrap is-layout-flex wp-container-core-group-is-layout-24c6290a wp-block-group-is-layout-flex\" style=\"margin-top:0;margin-bottom:0\">\n<h2 class=\"wp-block-heading has-text-align-center has-base-color has-text-color has-link-color wp-elements-fc0d545c47f6e6161816b0e9b56a1bfd\" style=\"font-size:clamp(31.152px, 1.947rem + ((1vw - 3.2px) * 2.129), 55px);font-style:normal;font-weight:700;text-transform:none\">Contact<\/h2>\n\n\n\n<p class=\"has-base-color has-text-color has-link-color wp-elements-d7e5cf5da8b2a2943c67f3dfd054e246\">Notre \u00e9quipe internationale est disponible pour vous accompagner dans votre d\u00e9marche d\u2019import, avec des agents bas\u00e9s \u00e0 travers l\u2019Europe. Contactez-nous d\u00e8s aujourd\u2019hui et choisissez <em>Quality Meat from Britain<\/em>.<\/p>\n<\/div>\n\n\n\n<div class=\"wp-block-group is-content-justification-left is-layout-flex wp-container-core-group-is-layout-b4189176 wp-block-group-is-layout-flex\">\n<figure class=\"wp-block-image size-full is-resized has-custom-border is-style-rounded is-style-rounded--1\"><img loading=\"lazy\" decoding=\"async\" width=\"1240\" height=\"1240\" src=\"https:\/\/qualitymeatfrombritain.com\/wp-content\/uploads\/2024\/11\/ahdb_team.webp\" alt=\"AHDB European Team\" class=\"wp-image-1177\" style=\"border-radius:100%;object-fit:cover;width:300px;height:300px\" srcset=\"https:\/\/qualitymeatfrombritain.com\/wp-content\/uploads\/2024\/11\/ahdb_team.webp 1240w, https:\/\/qualitymeatfrombritain.com\/wp-content\/uploads\/2024\/11\/ahdb_team-300x300.webp 300w, https:\/\/qualitymeatfrombritain.com\/wp-content\/uploads\/2024\/11\/ahdb_team-1024x1024.webp 1024w, https:\/\/qualitymeatfrombritain.com\/wp-content\/uploads\/2024\/11\/ahdb_team-150x150.webp 150w, https:\/\/qualitymeatfrombritain.com\/wp-content\/uploads\/2024\/11\/ahdb_team-768x768.webp 768w\" sizes=\"auto, (max-width: 1240px) 100vw, 1240px\" \/><\/figure>\n\n\n\n<div class=\"wp-block-buttons has-custom-font-size has-avenir-font-family is-vertical is-content-justification-right is-layout-flex wp-container-core-buttons-is-layout-c0d519fa wp-block-buttons-is-layout-flex\" style=\"font-size:clamp(14px, 0.875rem + ((1vw - 3.2px) * 0.536), 20px);text-transform:capitalize\">\n<div class=\"wp-block-button is-style-fill button-arrow-after button-hover-white-effect\" style=\"text-transform:capitalize\"><a class=\"wp-block-button__link has-base-color has-text-color has-background has-link-color has-border-color has-base-border-color wp-element-button\" href=\"https:\/\/qualitymeatfrombritain.com\/be-fr\/contact\/\" style=\"border-style:solid;border-width:3px;border-radius:0px;background-color:#ffffff00;padding-top:16px;padding-right:20px;padding-bottom:16px;padding-left:20px\">Contactez-nous<\/a><\/div>\n<\/div>\n<\/div>\n<\/div>\n<\/div>\n<\/div>\n","protected":false},"excerpt":{"rendered":"<p>D\u00e9couvrez l\u2019excellence de la viande halal origine Grande-Bretagne D\u00e9couvrez la viande halal haut de gamme origine Grande-Bretagne, qui allie tradition et durabilit\u00e9. Le riche patrimoine de la fili\u00e8re viande de la Grande-Bretagne, combin\u00e9 \u00e0 un engagement ind\u00e9fectible envers les principes halal, permet \u00e0 la Grande-Bretagne d\u2019apporter les meilleures r\u00e9ponses aux besoins des march\u00e9s halal du [&hellip;]<\/p>\n","protected":false},"author":1,"featured_media":2146,"parent":0,"menu_order":0,"comment_status":"closed","ping_status":"closed","template":"","meta":{"_acf_changed":false,"footnotes":""},"class_list":["post-2145","page","type-page","status-publish","has-post-thumbnail","hentry"],"acf":[],"_links":{"self":[{"href":"https:\/\/qualitymeatfrombritain.com\/be-fr\/wp-json\/wp\/v2\/pages\/2145","targetHints":{"allow":["GET"]}}],"collection":[{"href":"https:\/\/qualitymeatfrombritain.com\/be-fr\/wp-json\/wp\/v2\/pages"}],"about":[{"href":"https:\/\/qualitymeatfrombritain.com\/be-fr\/wp-json\/wp\/v2\/types\/page"}],"author":[{"embeddable":true,"href":"https:\/\/qualitymeatfrombritain.com\/be-fr\/wp-json\/wp\/v2\/users\/1"}],"replies":[{"embeddable":true,"href":"https:\/\/qualitymeatfrombritain.com\/be-fr\/wp-json\/wp\/v2\/comments?post=2145"}],"version-history":[{"count":2,"href":"https:\/\/qualitymeatfrombritain.com\/be-fr\/wp-json\/wp\/v2\/pages\/2145\/revisions"}],"predecessor-version":[{"id":2478,"href":"https:\/\/qualitymeatfrombritain.com\/be-fr\/wp-json\/wp\/v2\/pages\/2145\/revisions\/2478"}],"wp:featuredmedia":[{"embeddable":true,"href":"https:\/\/qualitymeatfrombritain.com\/be-fr\/wp-json\/wp\/v2\/media\/2146"}],"wp:attachment":[{"href":"https:\/\/qualitymeatfrombritain.com\/be-fr\/wp-json\/wp\/v2\/media?parent=2145"}],"curies":[{"name":"wp","href":"https:\/\/api.w.org\/{rel}","templated":true}]}}