{"id":2148,"date":"2024-10-10T17:15:00","date_gmt":"2024-10-10T15:15:00","guid":{"rendered":"https:\/\/ahdb-europe.armstrong.space\/normes\/"},"modified":"2025-01-17T14:03:18","modified_gmt":"2025-01-17T13:03:18","slug":"normes","status":"publish","type":"page","link":"https:\/\/qualitymeatfrombritain.com\/be-fr\/normes\/","title":{"rendered":"Normes"},"content":{"rendered":"\n<div class=\"wp-block-cover alignfull page_cover_banner\" style=\"margin-top:0;margin-bottom:0;padding-top:0;padding-right:0;padding-bottom:0;padding-left:0\"><span aria-hidden=\"true\" class=\"wp-block-cover__background has-background-dim-40 has-background-dim has-background-gradient\" style=\"background:linear-gradient(180deg,rgb(30,80,160) 0%,rgba(0,0,0,0) 100%)\"><\/span><img loading=\"lazy\" decoding=\"async\" width=\"1920\" height=\"684\" src=\"https:\/\/qualitymeatfrombritain.com\/wp-content\/uploads\/2024\/10\/standards_schemes_thumbnail.webp\" class=\"wp-block-cover__image-background wp-post-image\" alt=\"\" data-object-fit=\"cover\" data-object-position=\"50% 75%\" style=\"object-position:50% 75%;\" srcset=\"https:\/\/qualitymeatfrombritain.com\/wp-content\/uploads\/2024\/10\/standards_schemes_thumbnail.webp 1920w, https:\/\/qualitymeatfrombritain.com\/wp-content\/uploads\/2024\/10\/standards_schemes_thumbnail-300x107.webp 300w, https:\/\/qualitymeatfrombritain.com\/wp-content\/uploads\/2024\/10\/standards_schemes_thumbnail-1024x365.webp 1024w, https:\/\/qualitymeatfrombritain.com\/wp-content\/uploads\/2024\/10\/standards_schemes_thumbnail-768x274.webp 768w, https:\/\/qualitymeatfrombritain.com\/wp-content\/uploads\/2024\/10\/standards_schemes_thumbnail-1536x547.webp 1536w\" sizes=\"auto, (max-width: 1920px) 100vw, 1920px\" \/><div class=\"wp-block-cover__inner-container is-layout-flow wp-container-core-cover-is-layout-e603688c wp-block-cover-is-layout-flow\">\n<div class=\"wp-block-columns alignfull has-background is-layout-flex wp-container-core-columns-is-layout-1a3f87fd wp-block-columns-is-layout-flex\" style=\"background:linear-gradient(90deg,rgba(4,4,63,0.8) 0%,rgba(4,4,64,0) 53%);margin-top:0;margin-bottom:0;padding-top:0;padding-bottom:0\">\n<div class=\"wp-block-column has-global-padding is-layout-constrained wp-container-core-column-is-layout-639b5052 wp-block-column-is-layout-constrained\" style=\"padding-top:0;padding-right:0;padding-bottom:0;padding-left:0\">\n<div class=\"wp-block-columns alignwide padding_banner is-layout-flex wp-container-core-columns-is-layout-e28b9f0e wp-block-columns-is-layout-flex\" style=\"padding-top:295px;padding-right:0px;padding-bottom:295px;padding-left:0px\">\n<div class=\"wp-block-column is-layout-flow wp-container-core-column-is-layout-f6f2f570 wp-block-column-is-layout-flow\" style=\"padding-top:0;padding-right:0;padding-bottom:0;padding-left:0\"><h1 style=\"font-size:clamp(37.821px, 2.364rem + ((1vw - 3.2px) * 2.873), 70px);font-style:normal;font-weight:900; margin-bottom:0px;\" class=\"has-link-color wp-elements-4de3f235a8d2f55c27233a29ea5201b0 wp-block-post-title has-text-color has-base-color has-minerva-modern-font-family\">Normes<\/h1><\/div>\n<\/div>\n<\/div>\n<\/div>\n<\/div><\/div>\n\n\n\n<div class=\"wp-block-columns is-layout-flex wp-container-core-columns-is-layout-751746af wp-block-columns-is-layout-flex\" style=\"padding-top:10px;padding-right:0;padding-bottom:10px;padding-left:0\">\n<div class=\"wp-block-column has-custom-gray-color has-text-color has-link-color wp-elements-b6152f05ef4bc1bc80fad40c05fafc1a has-global-padding is-layout-constrained wp-container-core-column-is-layout-7950b0f7 wp-block-column-is-layout-constrained\" style=\"padding-right:0;padding-left:0;font-size:12px;line-height:2;text-transform:uppercase\"><nav aria-label=\"breadcrumbs\" class=\"rank-math-breadcrumb\"><p><span class=\"last\">Page d\u2019accueil<\/span><\/p><\/nav>\n<\/div>\n<\/div>\n\n\n\n<div class=\"wp-block-columns alignfull has-base-background-color has-background is-layout-flex wp-container-core-columns-is-layout-ebf5f8d3 wp-block-columns-is-layout-flex\" style=\"margin-top:0;margin-bottom:50px;padding-top:0;padding-bottom:0\">\n<div class=\"wp-block-column has-global-padding is-layout-constrained wp-container-core-column-is-layout-3ddb097f wp-block-column-is-layout-constrained\">\n<div class=\"wp-block-group is-vertical is-content-justification-center is-layout-flex wp-container-core-group-is-layout-5dc238e9 wp-block-group-is-layout-flex\" style=\"margin-top:0;margin-bottom:0\">\n<h2 class=\"wp-block-heading has-text-align-center has-custom-blue-color has-text-color has-link-color wp-elements-8a7122199aad24f86f140a22d9a56bf9\" style=\"font-size:clamp(31.152px, 1.947rem + ((1vw - 3.2px) * 2.129), 55px);font-style:normal;font-weight:700;text-transform:none\">Normes d\u2019\u00e9levage de Grande-Bretagne<\/h2>\n<\/div>\n<\/div>\n<\/div>\n\n\n\n<div class=\"wp-block-columns alignfull has-base-background-color has-background is-layout-flex wp-container-core-columns-is-layout-421be85b wp-block-columns-is-layout-flex\" style=\"margin-top:0;margin-bottom:95px;padding-top:0;padding-bottom:0\">\n<div class=\"wp-block-column has-global-padding is-layout-constrained wp-container-core-column-is-layout-3ddb097f wp-block-column-is-layout-constrained\">\n<p class=\"has-text-align-left has-large-font-size\">Le secteur alimentaire de la Grande-Bretagne est fier d\u2019appliquer des normes exceptionnelles, Red Tractor \u00e9tant le plus grand programme de normes alimentaires et agricoles au R-U.<\/p>\n\n\n\n<p class=\"has-text-align-left has-large-font-size\">Cr\u00e9\u00e9e en 2000, la marque Red Tractor est le plus grand programme de normes alimentaires et agricoles du R-U, couvrant tous les aspects de la production alimentaire dont les consommateurs se soucient :<\/p>\n\n\n\n<div class=\"wp-block-group is-content-justification-space-between is-layout-flex wp-container-core-group-is-layout-75d4ce6f wp-block-group-is-layout-flex\">\n<div class=\"wp-block-group is-vertical is-content-justification-center is-layout-flex wp-container-core-group-is-layout-d4d84312 wp-block-group-is-layout-flex\" style=\"padding-top:0;padding-right:0;padding-bottom:0;padding-left:0\">\n<figure class=\"wp-block-image size-full\"><img decoding=\"async\" src=\"https:\/\/qualitymeatfrombritain.com\/wp-content\/uploads\/2024\/10\/animal_welfare-1.svg\" alt=\"Animal welfare Icon\" class=\"wp-image-629\"\/><\/figure>\n\n\n\n<h3 class=\"wp-block-heading has-custom-blue-color has-text-color has-link-color has-avenir-font-family wp-elements-e71e732318033af3aa9eac66553238ef\" style=\"font-size:clamp(14px, 0.875rem + ((1vw - 3.2px) * 0.536), 20px);font-style:normal;font-weight:800\">Bien-\u00eatre des animaux<\/h3>\n<\/div>\n\n\n\n<div class=\"wp-block-group is-vertical is-content-justification-center is-layout-flex wp-container-core-group-is-layout-d4d84312 wp-block-group-is-layout-flex\" style=\"padding-top:0;padding-right:0;padding-bottom:0;padding-left:0\">\n<figure class=\"wp-block-image size-full\"><img decoding=\"async\" src=\"https:\/\/qualitymeatfrombritain.com\/wp-content\/uploads\/2024\/10\/food_safety.svg\" alt=\"Food safety Icon\" class=\"wp-image-635\"\/><\/figure>\n\n\n\n<h3 class=\"wp-block-heading has-custom-blue-color has-text-color has-link-color has-avenir-font-family wp-elements-5dedc999b2e1cfac7141b1696fbd2459\" style=\"font-size:clamp(14px, 0.875rem + ((1vw - 3.2px) * 0.536), 20px);font-style:normal;font-weight:800\">S\u00e9curit\u00e9 alimentaire<\/h3>\n<\/div>\n\n\n\n<div class=\"wp-block-group is-vertical is-content-justification-center is-layout-flex wp-container-core-group-is-layout-d4d84312 wp-block-group-is-layout-flex\" style=\"padding-top:0;padding-right:0;padding-bottom:0;padding-left:0\">\n<figure class=\"wp-block-image size-full\"><img decoding=\"async\" src=\"https:\/\/qualitymeatfrombritain.com\/wp-content\/uploads\/2024\/10\/traceability-1.svg\" alt=\"Traceability Icon\" class=\"wp-image-633\"\/><\/figure>\n\n\n\n<h3 class=\"wp-block-heading has-custom-blue-color has-text-color has-link-color has-avenir-font-family wp-elements-055564a21c229198e2a2b2b7b0a74369\" style=\"font-size:clamp(14px, 0.875rem + ((1vw - 3.2px) * 0.536), 20px);font-style:normal;font-weight:800\">Tra\u00e7abilit\u00e9<\/h3>\n<\/div>\n\n\n\n<div class=\"wp-block-group is-vertical is-content-justification-center is-layout-flex wp-container-core-group-is-layout-d4d84312 wp-block-group-is-layout-flex\" style=\"padding-top:0;padding-right:0;padding-bottom:0;padding-left:0\">\n<figure class=\"wp-block-image size-full\"><img decoding=\"async\" src=\"https:\/\/qualitymeatfrombritain.com\/wp-content\/uploads\/2024\/10\/environmental_protection.svg\" alt=\"Environmental protection Icon\" class=\"wp-image-634\"\/><\/figure>\n\n\n\n<h3 class=\"wp-block-heading has-custom-blue-color has-text-color has-link-color has-avenir-font-family wp-elements-739215b26835d0ba5f852ff2d516c500\" style=\"font-size:clamp(14px, 0.875rem + ((1vw - 3.2px) * 0.536), 20px);font-style:normal;font-weight:800\">Protection de l\u2019environnement<\/h3>\n<\/div>\n<\/div>\n\n\n\n<p class=\"has-text-align-left\">Red Tractor repr\u00e9sente un niveau in\u00e9gal\u00e9 de confiance et de fiabilit\u00e9 pour les entreprises du monde entier en qu\u00eate de viande rouge de haute qualit\u00e9. La marque Red Tractor d\u00e9montre l\u2019engagement des \u00e9leveurs de Grande-Bretagne en faveur de normes rigoureuses, visant \u00e0 garantir que les produits r\u00e9pondent aux attentes des consommateurs et des entreprises \u00e9clair\u00e9s et qu&#8217;ils d\u00e9passent m\u00eame celles-ci.<\/p>\n<\/div>\n<\/div>\n\n\n\n<div class=\"wp-block-columns has-base-background-color has-background is-layout-flex wp-container-core-columns-is-layout-a00abc2b wp-block-columns-is-layout-flex\" style=\"margin-bottom:100px;padding-top:0;padding-right:0;padding-bottom:0;padding-left:0\">\n<div class=\"wp-block-column has-global-padding is-layout-constrained wp-container-core-column-is-layout-58a38b60 wp-block-column-is-layout-constrained\" style=\"padding-top:0;padding-right:0;padding-bottom:0;padding-left:0\">\n<div class=\"wp-block-columns is-layout-flex wp-container-core-columns-is-layout-523bd17e wp-block-columns-is-layout-flex\" style=\"border-style:none;border-width:0px;padding-top:80px;padding-right:8%;padding-bottom:80px;padding-left:8%\">\n<div class=\"wp-block-column is-vertically-aligned-center is-layout-flow wp-block-column-is-layout-flow\" style=\"flex-basis:35%\">\n<figure class=\"wp-block-image aligncenter size-full is-resized\"><img loading=\"lazy\" decoding=\"async\" width=\"188\" height=\"282\" src=\"https:\/\/qualitymeatfrombritain.com\/wp-content\/uploads\/2024\/09\/red_tractor_logo.webp\" alt=\"Red Tractor Logo\" class=\"wp-image-225\" style=\"width:auto;height:225px\"\/><\/figure>\n<\/div>\n\n\n\n<div class=\"wp-block-column is-vertically-aligned-center is-layout-flow wp-container-core-column-is-layout-7fea69c4 wp-block-column-is-layout-flow\" style=\"flex-basis:65%\">\n<div class=\"wp-block-group is-vertical is-content-justification-left is-layout-flex wp-container-core-group-is-layout-ebed073e wp-block-group-is-layout-flex\" style=\"margin-top:0;margin-bottom:0\">\n<h2 class=\"wp-block-heading has-text-align-left has-custom-blue-color has-text-color has-link-color wp-elements-86bd6aa8c321ca270c379bf2e5300724\" style=\"font-size:clamp(31.152px, 1.947rem + ((1vw - 3.2px) * 2.129), 55px);font-style:normal;font-weight:700;text-transform:none\">Une assurance qualit\u00e9 et une tra\u00e7abilit\u00e9 in\u00e9gal\u00e9es<\/h2>\n<\/div>\n\n\n\n<div class=\"wp-block-group is-vertical is-content-justification-left is-layout-flex wp-container-core-group-is-layout-1ec99a5f wp-block-group-is-layout-flex\">\n<p>Avec plus de 20 ann\u00e9es d\u2019existence, les normes rigoureuses de Red Tractor surpassent les autres solutions existantes. Le programme couvre toutes les \u00e9tapes de la production de viande, de la ferme jusqu&#8217;\u00e0 l&#8217;assiette. Cette surveillance minutieuse garantit que chaque morceau de viande peut \u00eatre trac\u00e9 jusqu\u2019\u00e0 son origine, permettant aux consommateurs d\u2019\u00eatres s\u00fbrs de conna\u00eetre exactement l\u2019origine de leurs produits.<\/p>\n\n\n\n<p>Les normes Red Tractor se fondent sur la science et s\u2019appuient sur des faits, garantissant que chaque \u00e9tape du processus contribue \u00e0 l\u2019obtention d\u2019un produit de haute qualit\u00e9.<\/p>\n\n\n\n<p>L\u2019\u00e9quipe de Red Tractor, compos\u00e9e de 350 inspecteurs ind\u00e9pendants, r\u00e9alise plus de 60 000 contr\u00f4les par an, sur l\u2019ensemble de la cha\u00eene d\u2019approvisionnement &#8211; de l\u2019\u00e9levage et du transport \u00e0 la production et au conditionnement &#8211; et veille \u00e0 ce que les \u00e9leveurs et les transformateurs offrent une viande de la meilleure qualit\u00e9 possible.<\/p>\n<\/div>\n<\/div>\n<\/div>\n<\/div>\n<\/div>\n\n\n\n<div class=\"wp-block-cover alignfull\" style=\"border-top-color:var(--wp--preset--color--custom-red);border-top-width:6px;border-right-style:none;border-right-width:0px;border-bottom-color:var(--wp--preset--color--custom-red);border-bottom-width:6px;border-left-style:none;border-left-width:0px;margin-bottom:0;padding-top:100px;padding-bottom:100px\"><span aria-hidden=\"true\" class=\"wp-block-cover__background has-custom-blue-background-color has-background-dim-80 has-background-dim\"><\/span><img loading=\"lazy\" decoding=\"async\" width=\"1920\" height=\"620\" class=\"wp-block-cover__image-background wp-image-642\" alt=\"a red tractor in a field\" src=\"https:\/\/qualitymeatfrombritain.com\/wp-content\/uploads\/2024\/10\/red_tractor.webp\" data-object-fit=\"cover\" srcset=\"https:\/\/qualitymeatfrombritain.com\/wp-content\/uploads\/2024\/10\/red_tractor.webp 1920w, https:\/\/qualitymeatfrombritain.com\/wp-content\/uploads\/2024\/10\/red_tractor-300x97.webp 300w, https:\/\/qualitymeatfrombritain.com\/wp-content\/uploads\/2024\/10\/red_tractor-1024x331.webp 1024w, https:\/\/qualitymeatfrombritain.com\/wp-content\/uploads\/2024\/10\/red_tractor-768x248.webp 768w, https:\/\/qualitymeatfrombritain.com\/wp-content\/uploads\/2024\/10\/red_tractor-1536x496.webp 1536w\" sizes=\"auto, (max-width: 1920px) 100vw, 1920px\" \/><div class=\"wp-block-cover__inner-container has-global-padding is-layout-constrained wp-container-core-cover-is-layout-f2177615 wp-block-cover-is-layout-constrained\">\n<div class=\"wp-block-group is-vertical is-content-justification-center is-layout-flex wp-container-core-group-is-layout-72cefc50 wp-block-group-is-layout-flex\" style=\"margin-top:0;margin-bottom:0;padding-top:0;padding-bottom:0\">\n<h2 class=\"wp-block-heading has-text-align-center has-base-color has-text-color has-link-color wp-elements-5c8a93108a872873220c26286f582021\" style=\"font-size:clamp(31.152px, 1.947rem + ((1vw - 3.2px) * 2.129), 55px);font-style:normal;font-weight:700;text-transform:none\">En savoir plus<\/h2>\n<\/div>\n\n\n\n<p class=\"has-text-align-center\">D\u00e9couvrez les normes \u00e9lev\u00e9es que Red Tractor offre \u00e0 ses clients.<\/p>\n\n\n\n<div class=\"wp-block-buttons is-content-justification-center is-layout-flex wp-container-core-buttons-is-layout-a89b3969 wp-block-buttons-is-layout-flex\" style=\"font-style:normal;font-weight:700\">\n<div class=\"wp-block-button button-new-tab-after button-hover-white-effect\"><a class=\"wp-block-button__link has-base-color has-text-color has-background has-link-color has-border-color wp-element-button\" href=\"https:\/\/redtractor.org.uk\/\" style=\"border-color:#ffffff;border-width:3px;border-radius:0px;background-color:#ffffff00\" target=\"_blank\" rel=\"noreferrer noopener\">Rendez-vous sur le site Internet de Red Tractor<\/a><\/div>\n<\/div>\n<\/div><\/div>\n","protected":false},"excerpt":{"rendered":"<p>Normes d\u2019\u00e9levage de Grande-Bretagne Le secteur alimentaire de la Grande-Bretagne est fier d\u2019appliquer des normes exceptionnelles, Red Tractor \u00e9tant le plus grand programme de normes alimentaires et agricoles au R-U. Cr\u00e9\u00e9e en 2000, la marque Red Tractor est le plus grand programme de normes alimentaires et agricoles du R-U, couvrant tous les aspects de la [&hellip;]<\/p>\n","protected":false},"author":1,"featured_media":2149,"parent":0,"menu_order":0,"comment_status":"closed","ping_status":"closed","template":"","meta":{"_acf_changed":false,"footnotes":""},"class_list":["post-2148","page","type-page","status-publish","has-post-thumbnail","hentry"],"acf":[],"_links":{"self":[{"href":"https:\/\/qualitymeatfrombritain.com\/be-fr\/wp-json\/wp\/v2\/pages\/2148","targetHints":{"allow":["GET"]}}],"collection":[{"href":"https:\/\/qualitymeatfrombritain.com\/be-fr\/wp-json\/wp\/v2\/pages"}],"about":[{"href":"https:\/\/qualitymeatfrombritain.com\/be-fr\/wp-json\/wp\/v2\/types\/page"}],"author":[{"embeddable":true,"href":"https:\/\/qualitymeatfrombritain.com\/be-fr\/wp-json\/wp\/v2\/users\/1"}],"replies":[{"embeddable":true,"href":"https:\/\/qualitymeatfrombritain.com\/be-fr\/wp-json\/wp\/v2\/comments?post=2148"}],"version-history":[{"count":2,"href":"https:\/\/qualitymeatfrombritain.com\/be-fr\/wp-json\/wp\/v2\/pages\/2148\/revisions"}],"predecessor-version":[{"id":2479,"href":"https:\/\/qualitymeatfrombritain.com\/be-fr\/wp-json\/wp\/v2\/pages\/2148\/revisions\/2479"}],"wp:featuredmedia":[{"embeddable":true,"href":"https:\/\/qualitymeatfrombritain.com\/be-fr\/wp-json\/wp\/v2\/media\/2149"}],"wp:attachment":[{"href":"https:\/\/qualitymeatfrombritain.com\/be-fr\/wp-json\/wp\/v2\/media?parent=2148"}],"curies":[{"name":"wp","href":"https:\/\/api.w.org\/{rel}","templated":true}]}}