{"id":1789,"date":"2024-10-11T12:27:27","date_gmt":"2024-10-11T10:27:27","guid":{"rendered":"https:\/\/ahdb-europe.armstrong.space\/environment\/"},"modified":"2025-01-17T14:33:04","modified_gmt":"2025-01-17T13:33:04","slug":"ambiental","status":"publish","type":"page","link":"https:\/\/qualitymeatfrombritain.com\/pt-pt\/ambiental\/","title":{"rendered":"Ambiental"},"content":{"rendered":"\n<div class=\"wp-block-cover alignfull page_cover_banner\" style=\"margin-top:0;margin-bottom:0;padding-top:0;padding-right:0;padding-bottom:0;padding-left:0\"><span aria-hidden=\"true\" class=\"wp-block-cover__background has-background-dim-40 has-background-dim has-background-gradient\" style=\"background:linear-gradient(180deg,rgb(30,80,160) 0%,rgba(0,0,0,0) 100%)\"><\/span><img loading=\"lazy\" decoding=\"async\" width=\"1920\" height=\"684\" src=\"https:\/\/qualitymeatfrombritain.com\/wp-content\/uploads\/2024\/11\/environment_thumbnail.webp\" class=\"wp-block-cover__image-background wp-post-image\" alt=\"Beefs and Lambs on a field\" data-object-fit=\"cover\" data-object-position=\"50% 75%\" style=\"object-position:50% 75%;\" srcset=\"https:\/\/qualitymeatfrombritain.com\/wp-content\/uploads\/2024\/11\/environment_thumbnail.webp 1920w, https:\/\/qualitymeatfrombritain.com\/wp-content\/uploads\/2024\/11\/environment_thumbnail-300x107.webp 300w, https:\/\/qualitymeatfrombritain.com\/wp-content\/uploads\/2024\/11\/environment_thumbnail-1024x365.webp 1024w, https:\/\/qualitymeatfrombritain.com\/wp-content\/uploads\/2024\/11\/environment_thumbnail-768x274.webp 768w, https:\/\/qualitymeatfrombritain.com\/wp-content\/uploads\/2024\/11\/environment_thumbnail-1536x547.webp 1536w\" sizes=\"auto, (max-width: 1920px) 100vw, 1920px\" \/><div class=\"wp-block-cover__inner-container is-layout-flow wp-container-core-cover-is-layout-e603688c wp-block-cover-is-layout-flow\">\n<div class=\"wp-block-columns alignfull has-background is-layout-flex wp-container-core-columns-is-layout-1a3f87fd wp-block-columns-is-layout-flex\" style=\"background:linear-gradient(90deg,rgba(4,4,63,0.8) 0%,rgba(4,4,64,0) 53%);margin-top:0;margin-bottom:0;padding-top:0;padding-bottom:0\">\n<div class=\"wp-block-column has-global-padding is-layout-constrained wp-container-core-column-is-layout-639b5052 wp-block-column-is-layout-constrained\" style=\"padding-top:0;padding-right:0;padding-bottom:0;padding-left:0\">\n<div class=\"wp-block-columns alignwide padding_banner is-layout-flex wp-container-core-columns-is-layout-e28b9f0e wp-block-columns-is-layout-flex\" style=\"padding-top:295px;padding-right:0px;padding-bottom:295px;padding-left:0px\">\n<div class=\"wp-block-column is-layout-flow wp-container-core-column-is-layout-f6f2f570 wp-block-column-is-layout-flow\" style=\"padding-top:0;padding-right:0;padding-bottom:0;padding-left:0\"><h1 style=\"font-size:clamp(37.821px, 2.364rem + ((1vw - 3.2px) * 2.873), 70px);font-style:normal;font-weight:900; margin-bottom:0px;\" class=\"has-link-color wp-elements-4de3f235a8d2f55c27233a29ea5201b0 wp-block-post-title has-text-color has-base-color has-minerva-modern-font-family\">Ambiental<\/h1><\/div>\n<\/div>\n<\/div>\n<\/div>\n<\/div><\/div>\n\n\n\n<div class=\"wp-block-columns is-layout-flex wp-container-core-columns-is-layout-751746af wp-block-columns-is-layout-flex\" style=\"padding-top:10px;padding-right:0;padding-bottom:10px;padding-left:0\">\n<div class=\"wp-block-column has-custom-gray-color has-text-color has-link-color wp-elements-b6152f05ef4bc1bc80fad40c05fafc1a has-global-padding is-layout-constrained wp-container-core-column-is-layout-7950b0f7 wp-block-column-is-layout-constrained\" style=\"padding-right:0;padding-left:0;font-size:12px;line-height:2;text-transform:uppercase\"><nav aria-label=\"breadcrumbs\" class=\"rank-math-breadcrumb\"><p><span class=\"last\">In\u00edcio<\/span><\/p><\/nav>\n<\/div>\n<\/div>\n\n\n\n<div class=\"wp-block-columns has-base-background-color has-background is-layout-flex wp-container-core-columns-is-layout-a00abc2b wp-block-columns-is-layout-flex\" style=\"margin-bottom:100px;padding-top:0;padding-right:0;padding-bottom:0;padding-left:0\">\n<div class=\"wp-block-column has-global-padding is-layout-constrained wp-container-core-column-is-layout-3af7638d wp-block-column-is-layout-constrained\" style=\"padding-top:0;padding-right:0;padding-bottom:0;padding-left:0\">\n<div class=\"wp-block-columns is-layout-flex wp-container-core-columns-is-layout-731cc08c wp-block-columns-is-layout-flex\">\n<div class=\"wp-block-column is-vertically-aligned-center is-layout-flow wp-container-core-column-is-layout-7fea69c4 wp-block-column-is-layout-flow\" style=\"flex-basis:100%\">\n<div class=\"wp-block-columns is-layout-flex wp-container-core-columns-is-layout-251cb8d6 wp-block-columns-is-layout-flex\" style=\"padding-top:0;padding-right:0;padding-bottom:0;padding-left:0\">\n<div class=\"wp-block-column is-vertically-aligned-center is-layout-flow wp-block-column-is-layout-flow\" style=\"flex-basis:40%\">\n<figure class=\"wp-block-image aligncenter size-large\"><img loading=\"lazy\" decoding=\"async\" width=\"1024\" height=\"682\" src=\"https:\/\/qualitymeatfrombritain.com\/wp-content\/uploads\/2024\/11\/Environment_AHDB_1-1024x682.webp\" alt=\"aerial photo of Britain fields\" class=\"wp-image-1477\" srcset=\"https:\/\/qualitymeatfrombritain.com\/wp-content\/uploads\/2024\/11\/Environment_AHDB_1-1024x682.webp 1024w, https:\/\/qualitymeatfrombritain.com\/wp-content\/uploads\/2024\/11\/Environment_AHDB_1-300x200.webp 300w, https:\/\/qualitymeatfrombritain.com\/wp-content\/uploads\/2024\/11\/Environment_AHDB_1-768x512.webp 768w, https:\/\/qualitymeatfrombritain.com\/wp-content\/uploads\/2024\/11\/Environment_AHDB_1-1536x1023.webp 1536w, https:\/\/qualitymeatfrombritain.com\/wp-content\/uploads\/2024\/11\/Environment_AHDB_1.webp 1920w\" sizes=\"auto, (max-width: 1024px) 100vw, 1024px\" \/><\/figure>\n<\/div>\n\n\n\n<div class=\"wp-block-column is-vertically-aligned-center is-layout-flow wp-block-column-is-layout-flow\" style=\"flex-basis:60%\">\n<p>O Reino Unido \u00e9 reconhecido pelas suas belas paisagens que evolu\u00edram a par da sua longa tradi\u00e7\u00e3o do pastoreio. Os criadores brit\u00e2nicos s\u00e3o mestres em trabalhar com a natureza de forma a produzir a mais alta qualidade de bovino e ovino, oferecendo sabor e prazer que n\u00e3o destr\u00f3i em o meio ambiente.<\/p>\n<\/div>\n<\/div>\n\n\n\n<div class=\"wp-block-columns mobile_reverse_columns is-layout-flex wp-container-core-columns-is-layout-251cb8d6 wp-block-columns-is-layout-flex\" style=\"padding-top:0;padding-right:0;padding-bottom:0;padding-left:0\">\n<div class=\"wp-block-column is-vertically-aligned-center is-layout-flow wp-block-column-is-layout-flow\" style=\"flex-basis:60%\">\n<p class=\"blue_new_tab_link\">A pegada de carbono do Bovino e Ovino Brit\u00e2nico \u00e9 metade da m\u00e9dia global (University of Oxford \u2013 Poore and Nemecek) e a ind\u00fastria na Inglaterra e no Pa\u00eds de Gales visa atingir a <a href=\"https:\/\/www.nfuonline.com\/media\/jq1b2nx5\/achieving-net-zero-farming-s-2040-goal.pdf\" target=\"_blank\" rel=\"noreferrer noopener\">neutralidade carb\u00f3nica em 2040<\/a>. O clima brit\u00e2nico \u00e9 temperado, com invernos suaves e ver\u00f5es frescos com abundante precipita\u00e7\u00e3o &#8211; as condi\u00e7\u00f5es ideais para criar bovino e ovino.<\/p>\n<\/div>\n\n\n\n<div class=\"wp-block-column is-vertically-aligned-center is-layout-flow wp-block-column-is-layout-flow\" style=\"flex-basis:40%\">\n<figure class=\"wp-block-image aligncenter size-large\"><img loading=\"lazy\" decoding=\"async\" width=\"1024\" height=\"684\" src=\"https:\/\/qualitymeatfrombritain.com\/wp-content\/uploads\/2024\/11\/Environment_AHDB_2-1024x684.webp\" alt=\"Landscape with lambs on a field\" class=\"wp-image-1482\" srcset=\"https:\/\/qualitymeatfrombritain.com\/wp-content\/uploads\/2024\/11\/Environment_AHDB_2-1024x684.webp 1024w, https:\/\/qualitymeatfrombritain.com\/wp-content\/uploads\/2024\/11\/Environment_AHDB_2-300x200.webp 300w, https:\/\/qualitymeatfrombritain.com\/wp-content\/uploads\/2024\/11\/Environment_AHDB_2-768x513.webp 768w, https:\/\/qualitymeatfrombritain.com\/wp-content\/uploads\/2024\/11\/Environment_AHDB_2-1536x1026.webp 1536w, https:\/\/qualitymeatfrombritain.com\/wp-content\/uploads\/2024\/11\/Environment_AHDB_2.webp 1920w\" sizes=\"auto, (max-width: 1024px) 100vw, 1024px\" \/><\/figure>\n<\/div>\n<\/div>\n\n\n\n<div class=\"wp-block-columns is-layout-flex wp-container-core-columns-is-layout-251cb8d6 wp-block-columns-is-layout-flex\" style=\"padding-top:0;padding-right:0;padding-bottom:0;padding-left:0\">\n<div class=\"wp-block-column is-vertically-aligned-center is-layout-flow wp-block-column-is-layout-flow\" style=\"flex-basis:40%\">\n<figure class=\"wp-block-image aligncenter size-large\"><img loading=\"lazy\" decoding=\"async\" width=\"1024\" height=\"683\" src=\"https:\/\/qualitymeatfrombritain.com\/wp-content\/uploads\/2024\/11\/Environment_AHDB_3-1024x683.webp\" alt=\"Photo of a tractor on a field\" class=\"wp-image-1487\" srcset=\"https:\/\/qualitymeatfrombritain.com\/wp-content\/uploads\/2024\/11\/Environment_AHDB_3-1024x683.webp 1024w, https:\/\/qualitymeatfrombritain.com\/wp-content\/uploads\/2024\/11\/Environment_AHDB_3-300x200.webp 300w, https:\/\/qualitymeatfrombritain.com\/wp-content\/uploads\/2024\/11\/Environment_AHDB_3-768x512.webp 768w, https:\/\/qualitymeatfrombritain.com\/wp-content\/uploads\/2024\/11\/Environment_AHDB_3-1536x1024.webp 1536w, https:\/\/qualitymeatfrombritain.com\/wp-content\/uploads\/2024\/11\/Environment_AHDB_3.webp 1920w\" sizes=\"auto, (max-width: 1024px) 100vw, 1024px\" \/><\/figure>\n<\/div>\n\n\n\n<div class=\"wp-block-column is-vertically-aligned-center is-layout-flow wp-container-core-column-is-layout-343acf9e wp-block-column-is-layout-flow\" style=\"flex-basis:60%\">\n<p>O gado bovino e ovino no Reino Unido s\u00e3o prim\u00e1riamente alimentados a pasto. Na condi\u00e7\u00e3o de ruminantes, eles transformam componentes herb\u00e1ceos que n\u00e3o s\u00e3o diger\u00edveis para os humanos em alimentos com alta densidade em nutrientes e micronutrientes dispon\u00edveis. Isso assegura que a terra utilizada para a produ\u00e7\u00e3o alimentar \u00e9 maximizada. <\/p>\n\n\n\n<p>A alimenta\u00e7\u00e3o proveniente do pasto representa 91% da dieta do Bovino brit\u00e2nico (74% provenientes do pasto fresco e 17% de pasto conservado, como feno, palha e silagem). De modo semelhante, a dieta do borrego brit\u00e2nico consiste em 90% de alimenta\u00e7\u00e3o proveniente do pasto (60% de pasto fresco e 30% de pasto conservado), consistindo o remanescente em outros produtos derivados e forragem.<\/p>\n<\/div>\n<\/div>\n<\/div>\n<\/div>\n<\/div>\n<\/div>\n\n\n\n<div class=\"wp-block-columns alignfull has-custom-blue-background-color has-background is-layout-flex wp-container-core-columns-is-layout-9db31a36 wp-block-columns-is-layout-flex\" style=\"border-bottom-color:var(--wp--preset--color--custom-red);border-bottom-width:6px;padding-top:50px;padding-bottom:50px\">\n<div class=\"wp-block-column has-global-padding is-layout-constrained wp-container-core-column-is-layout-8eaf72d3 wp-block-column-is-layout-constrained\">\n<div class=\"wp-block-group is-content-justification-space-between is-layout-flex wp-container-core-group-is-layout-169d6775 wp-block-group-is-layout-flex\">\n<div class=\"wp-block-group wp-container-content-9dbf05af is-vertical is-content-justification-left is-nowrap is-layout-flex wp-container-core-group-is-layout-24c6290a wp-block-group-is-layout-flex\" style=\"margin-top:0;margin-bottom:0\">\n<h2 class=\"wp-block-heading has-text-align-center has-base-color has-text-color has-link-color wp-elements-d4d61bd4b04b9489b1e47cdc2c5b3442\" style=\"font-size:clamp(31.152px, 1.947rem + ((1vw - 3.2px) * 2.129), 55px);font-style:normal;font-weight:700;text-transform:none\">Contacte-nos<\/h2>\n\n\n\n<p class=\"has-base-color has-text-color has-link-color wp-elements-05ddc4d7533860d745054b1cd0f0b643\">A nossa equipa internacional est\u00e1 dispon\u00edvel para apoiar as suas ambi\u00e7\u00f5es de importa\u00e7\u00e3o, com membros em toda a Europa. Contacte-nos hoje para discutir como alcan\u00e7ar o sucesso ao escolher carne de qualidade do Reino Unido.<\/p>\n<\/div>\n\n\n\n<div class=\"wp-block-group is-content-justification-left is-layout-flex wp-container-core-group-is-layout-b4189176 wp-block-group-is-layout-flex\">\n<figure class=\"wp-block-image size-full is-resized has-custom-border is-style-rounded is-style-rounded--1\"><img loading=\"lazy\" decoding=\"async\" width=\"1240\" height=\"1240\" src=\"https:\/\/qualitymeatfrombritain.com\/wp-content\/uploads\/2024\/11\/ahdb_team.webp\" alt=\"AHDB European Team\" class=\"wp-image-1177\" style=\"border-radius:100%;object-fit:cover;width:300px;height:300px\" srcset=\"https:\/\/qualitymeatfrombritain.com\/wp-content\/uploads\/2024\/11\/ahdb_team.webp 1240w, https:\/\/qualitymeatfrombritain.com\/wp-content\/uploads\/2024\/11\/ahdb_team-300x300.webp 300w, https:\/\/qualitymeatfrombritain.com\/wp-content\/uploads\/2024\/11\/ahdb_team-1024x1024.webp 1024w, https:\/\/qualitymeatfrombritain.com\/wp-content\/uploads\/2024\/11\/ahdb_team-150x150.webp 150w, https:\/\/qualitymeatfrombritain.com\/wp-content\/uploads\/2024\/11\/ahdb_team-768x768.webp 768w\" sizes=\"auto, (max-width: 1240px) 100vw, 1240px\" \/><\/figure>\n\n\n\n<div class=\"wp-block-buttons has-custom-font-size has-avenir-font-family is-vertical is-content-justification-right is-layout-flex wp-container-core-buttons-is-layout-c0d519fa wp-block-buttons-is-layout-flex\" style=\"font-size:clamp(14px, 0.875rem + ((1vw - 3.2px) * 0.536), 20px);text-transform:capitalize\">\n<div class=\"wp-block-button is-style-fill button-arrow-after button-hover-white-effect\" style=\"text-transform:capitalize\"><a class=\"wp-block-button__link has-base-color has-text-color has-background has-link-color has-border-color has-base-border-color wp-element-button\" href=\"https:\/\/qualitymeatfrombritain.com\/pt-pt\/contactar\/\" style=\"border-style:solid;border-width:3px;border-radius:0px;background-color:#ffffff00;padding-top:16px;padding-right:20px;padding-bottom:16px;padding-left:20px\">Contacte-nos<\/a><\/div>\n<\/div>\n<\/div>\n<\/div>\n<\/div>\n<\/div>\n","protected":false},"excerpt":{"rendered":"<p>O Reino Unido \u00e9 reconhecido pelas suas belas paisagens que evolu\u00edram a par da sua longa tradi\u00e7\u00e3o do pastoreio. Os criadores brit\u00e2nicos s\u00e3o mestres em trabalhar com a natureza de forma a produzir a mais alta qualidade de bovino e ovino, oferecendo sabor e prazer que n\u00e3o destr\u00f3i em o meio ambiente. A pegada de [&hellip;]<\/p>\n","protected":false},"author":1,"featured_media":1440,"parent":0,"menu_order":0,"comment_status":"closed","ping_status":"closed","template":"","meta":{"_acf_changed":false,"footnotes":""},"class_list":["post-1789","page","type-page","status-publish","has-post-thumbnail","hentry"],"acf":[],"_links":{"self":[{"href":"https:\/\/qualitymeatfrombritain.com\/pt-pt\/wp-json\/wp\/v2\/pages\/1789","targetHints":{"allow":["GET"]}}],"collection":[{"href":"https:\/\/qualitymeatfrombritain.com\/pt-pt\/wp-json\/wp\/v2\/pages"}],"about":[{"href":"https:\/\/qualitymeatfrombritain.com\/pt-pt\/wp-json\/wp\/v2\/types\/page"}],"author":[{"embeddable":true,"href":"https:\/\/qualitymeatfrombritain.com\/pt-pt\/wp-json\/wp\/v2\/users\/1"}],"replies":[{"embeddable":true,"href":"https:\/\/qualitymeatfrombritain.com\/pt-pt\/wp-json\/wp\/v2\/comments?post=1789"}],"version-history":[{"count":2,"href":"https:\/\/qualitymeatfrombritain.com\/pt-pt\/wp-json\/wp\/v2\/pages\/1789\/revisions"}],"predecessor-version":[{"id":2576,"href":"https:\/\/qualitymeatfrombritain.com\/pt-pt\/wp-json\/wp\/v2\/pages\/1789\/revisions\/2576"}],"wp:featuredmedia":[{"embeddable":true,"href":"https:\/\/qualitymeatfrombritain.com\/pt-pt\/wp-json\/wp\/v2\/media\/1440"}],"wp:attachment":[{"href":"https:\/\/qualitymeatfrombritain.com\/pt-pt\/wp-json\/wp\/v2\/media?parent=1789"}],"curies":[{"name":"wp","href":"https:\/\/api.w.org\/{rel}","templated":true}]}}