{"id":1792,"date":"2024-10-11T12:00:06","date_gmt":"2024-10-11T10:00:06","guid":{"rendered":"https:\/\/ahdb-europe.armstrong.space\/about-ahdb\/"},"modified":"2025-01-17T14:32:09","modified_gmt":"2025-01-17T13:32:09","slug":"acerca-da-ahdb","status":"publish","type":"page","link":"https:\/\/qualitymeatfrombritain.com\/pt-pt\/acerca-da-ahdb\/","title":{"rendered":"Acerca da AHDB"},"content":{"rendered":"\n<div class=\"wp-block-cover alignfull page_cover_banner\" style=\"margin-top:0;margin-bottom:0;padding-top:0;padding-right:0;padding-bottom:0;padding-left:0\"><span aria-hidden=\"true\" class=\"wp-block-cover__background has-background-dim-40 has-background-dim has-background-gradient\" style=\"background:linear-gradient(180deg,rgb(30,80,160) 0%,rgba(0,0,0,0) 100%)\"><\/span><img loading=\"lazy\" decoding=\"async\" width=\"1920\" height=\"1440\" src=\"https:\/\/qualitymeatfrombritain.com\/wp-content\/uploads\/2024\/11\/About_AHDB_1.webp\" class=\"wp-block-cover__image-background wp-post-image\" alt=\"Photo of a group of English farmers in a field\" data-object-fit=\"cover\" srcset=\"https:\/\/qualitymeatfrombritain.com\/wp-content\/uploads\/2024\/11\/About_AHDB_1.webp 1920w, https:\/\/qualitymeatfrombritain.com\/wp-content\/uploads\/2024\/11\/About_AHDB_1-300x225.webp 300w, https:\/\/qualitymeatfrombritain.com\/wp-content\/uploads\/2024\/11\/About_AHDB_1-1024x768.webp 1024w, https:\/\/qualitymeatfrombritain.com\/wp-content\/uploads\/2024\/11\/About_AHDB_1-768x576.webp 768w, https:\/\/qualitymeatfrombritain.com\/wp-content\/uploads\/2024\/11\/About_AHDB_1-1536x1152.webp 1536w\" sizes=\"auto, (max-width: 1920px) 100vw, 1920px\" \/><div class=\"wp-block-cover__inner-container is-layout-flow wp-container-core-cover-is-layout-e603688c wp-block-cover-is-layout-flow\">\n<div class=\"wp-block-columns alignfull has-background is-layout-flex wp-container-core-columns-is-layout-1a3f87fd wp-block-columns-is-layout-flex\" style=\"background:linear-gradient(90deg,rgba(4,4,63,0.8) 0%,rgba(4,4,64,0) 53%);margin-top:0;margin-bottom:0;padding-top:0;padding-bottom:0\">\n<div class=\"wp-block-column has-global-padding is-layout-constrained wp-container-core-column-is-layout-639b5052 wp-block-column-is-layout-constrained\" style=\"padding-top:0;padding-right:0;padding-bottom:0;padding-left:0\">\n<div class=\"wp-block-columns alignwide padding_banner is-layout-flex wp-container-core-columns-is-layout-e28b9f0e wp-block-columns-is-layout-flex\" style=\"padding-top:295px;padding-right:0px;padding-bottom:295px;padding-left:0px\">\n<div class=\"wp-block-column is-layout-flow wp-container-core-column-is-layout-f6f2f570 wp-block-column-is-layout-flow\" style=\"padding-top:0;padding-right:0;padding-bottom:0;padding-left:0\"><h1 style=\"font-size:clamp(37.821px, 2.364rem + ((1vw - 3.2px) * 2.873), 70px);font-style:normal;font-weight:900; margin-bottom:0px;\" class=\"has-link-color wp-elements-4de3f235a8d2f55c27233a29ea5201b0 wp-block-post-title has-text-color has-base-color has-minerva-modern-font-family\">Acerca da AHDB<\/h1><\/div>\n<\/div>\n<\/div>\n<\/div>\n<\/div><\/div>\n\n\n\n<div class=\"wp-block-columns is-layout-flex wp-container-core-columns-is-layout-751746af wp-block-columns-is-layout-flex\" style=\"padding-top:10px;padding-right:0;padding-bottom:10px;padding-left:0\">\n<div class=\"wp-block-column has-custom-gray-color has-text-color has-link-color wp-elements-b6152f05ef4bc1bc80fad40c05fafc1a has-global-padding is-layout-constrained wp-container-core-column-is-layout-7950b0f7 wp-block-column-is-layout-constrained\" style=\"padding-right:0;padding-left:0;font-size:12px;line-height:2;text-transform:uppercase\"><nav aria-label=\"breadcrumbs\" class=\"rank-math-breadcrumb\"><p><span class=\"last\">In\u00edcio<\/span><\/p><\/nav>\n<\/div>\n<\/div>\n\n\n\n<div class=\"wp-block-columns alignfull has-base-background-color has-background is-layout-flex wp-container-core-columns-is-layout-ba7da649 wp-block-columns-is-layout-flex\" style=\"margin-top:0;margin-bottom:100px;padding-top:0;padding-bottom:0\">\n<div class=\"wp-block-column has-global-padding is-layout-constrained wp-container-core-column-is-layout-3ddb097f wp-block-column-is-layout-constrained\">\n<div class=\"wp-block-group is-vertical is-content-justification-center is-layout-flex wp-container-core-group-is-layout-5dc238e9 wp-block-group-is-layout-flex\" style=\"margin-top:0;margin-bottom:0\">\n<h2 class=\"wp-block-heading has-text-align-center has-custom-blue-color has-text-color has-link-color wp-elements-8736714f5434b761cd48c15c52a9be70\" style=\"font-size:clamp(31.152px, 1.947rem + ((1vw - 3.2px) * 2.129), 55px);font-style:normal;font-weight:700;text-transform:none\">Quem \u00e9 a AHDB<\/h2>\n<\/div>\n\n\n\n<figure class=\"wp-block-image aligncenter size-full\"><img loading=\"lazy\" decoding=\"async\" width=\"1920\" height=\"1280\" src=\"https:\/\/qualitymeatfrombritain.com\/wp-content\/uploads\/2024\/11\/About_AHDB_2.webp\" alt=\"\" class=\"wp-image-1353\" srcset=\"https:\/\/qualitymeatfrombritain.com\/wp-content\/uploads\/2024\/11\/About_AHDB_2.webp 1920w, https:\/\/qualitymeatfrombritain.com\/wp-content\/uploads\/2024\/11\/About_AHDB_2-300x200.webp 300w, https:\/\/qualitymeatfrombritain.com\/wp-content\/uploads\/2024\/11\/About_AHDB_2-1024x683.webp 1024w, https:\/\/qualitymeatfrombritain.com\/wp-content\/uploads\/2024\/11\/About_AHDB_2-768x512.webp 768w, https:\/\/qualitymeatfrombritain.com\/wp-content\/uploads\/2024\/11\/About_AHDB_2-1536x1024.webp 1536w\" sizes=\"auto, (max-width: 1920px) 100vw, 1920px\" \/><\/figure>\n\n\n\n<p class=\"has-text-align-left\">A \u201cAgriculture &amp; Horticulture Development Board (AHDB)\u201d \u00e9 uma organiza\u00e7\u00e3o da ind\u00fastria financiada pelos criadores de gado do Reino Unido e outros da cadeia de fornecimento agr\u00edcola para ajudar na progress\u00e3o econ\u00f3mica do sector num contexto de permanente evolu\u00e7\u00e3o e mudan\u00e7a.<\/p>\n\n\n\n<p class=\"has-text-align-left\">O objectivo da AHDB \u00e9 atingir um n\u00edvel superior na industria alimentar e pecu\u00e1ria que \u00e9 simult\u00e2neamente inspirada e competitiva com as melhores pr\u00e1ticas.<\/p>\n<\/div>\n<\/div>\n\n\n\n<div class=\"wp-block-cover alignfull is-light\" style=\"border-radius:0px;border-top-color:#eb0000;border-top-width:5px;border-bottom-color:#eb0000;border-bottom-width:6px;margin-bottom:0px;padding-top:100px;padding-bottom:100px\"><span aria-hidden=\"true\" class=\"wp-block-cover__background has-base-background-color has-background-dim-80 has-background-dim\"><\/span><img loading=\"lazy\" decoding=\"async\" width=\"1920\" height=\"540\" class=\"wp-block-cover__image-background wp-image-515\" alt=\"photo of britain beefs in a field\" src=\"https:\/\/qualitymeatfrombritain.com\/wp-content\/uploads\/2024\/10\/innovation_tradition.webp\" data-object-fit=\"cover\" srcset=\"https:\/\/qualitymeatfrombritain.com\/wp-content\/uploads\/2024\/10\/innovation_tradition.webp 1920w, https:\/\/qualitymeatfrombritain.com\/wp-content\/uploads\/2024\/10\/innovation_tradition-300x84.webp 300w, https:\/\/qualitymeatfrombritain.com\/wp-content\/uploads\/2024\/10\/innovation_tradition-1024x288.webp 1024w, https:\/\/qualitymeatfrombritain.com\/wp-content\/uploads\/2024\/10\/innovation_tradition-768x216.webp 768w, https:\/\/qualitymeatfrombritain.com\/wp-content\/uploads\/2024\/10\/innovation_tradition-1536x432.webp 1536w\" sizes=\"auto, (max-width: 1920px) 100vw, 1920px\" \/><div class=\"wp-block-cover__inner-container has-global-padding is-layout-constrained wp-container-core-cover-is-layout-a160e7bc wp-block-cover-is-layout-constrained\">\n<div class=\"wp-block-group is-vertical is-content-justification-center is-layout-flex wp-container-core-group-is-layout-72cefc50 wp-block-group-is-layout-flex\" style=\"margin-top:0;margin-bottom:0;padding-top:0;padding-bottom:0\">\n<h2 class=\"wp-block-heading has-text-align-center has-custom-blue-color has-text-color has-link-color wp-elements-e9c5a00a6ddfd6efa3f8bcc5c6bde668\" style=\"font-size:clamp(31.152px, 1.947rem + ((1vw - 3.2px) * 2.129), 55px);font-style:normal;font-weight:700;text-transform:none\">A nossa miss\u00e3o<\/h2>\n<\/div>\n\n\n\n<div class=\"wp-block-group is-vertical is-content-justification-center is-layout-flex wp-container-core-group-is-layout-ed5ff923 wp-block-group-is-layout-flex\">\n<p class=\"has-text-align-left has-custom-gray-color has-text-color has-link-color wp-elements-651cf50213b5a0cfd8ea2ee8b96f3743\">Devido ao nosso estatuto receptor de subsidios, a AHDB \u00e9 categorizada como um organismo publico n\u00e3o departamental (NDPB) pois \u00e9 apoiada pelo Departamento do Ambiente, Alimenta\u00e7\u00e3o e actividades Rurais do Reino Unido (DEFRA). No que respeita \u00e0 Exporta\u00e7\u00e3o, a AHDB d\u00e1 \u00eanfase a mercados priorit\u00e1rios, abre novas oportunidades globais tendo como alvo o com\u00e9rcio e o consumo internacional, colaborando com o governo e os sectores da ind\u00fastria.<\/p>\n<\/div>\n<\/div><\/div>\n\n\n\n<div class=\"wp-block-columns alignfull has-custom-blue-background-color has-background is-layout-flex wp-container-core-columns-is-layout-9db31a36 wp-block-columns-is-layout-flex\" style=\"border-bottom-color:var(--wp--preset--color--custom-red);border-bottom-width:6px;padding-top:50px;padding-bottom:50px\">\n<div class=\"wp-block-column has-global-padding is-layout-constrained wp-container-core-column-is-layout-8eaf72d3 wp-block-column-is-layout-constrained\">\n<div class=\"wp-block-group is-content-justification-space-between is-layout-flex wp-container-core-group-is-layout-169d6775 wp-block-group-is-layout-flex\">\n<div class=\"wp-block-group wp-container-content-9dbf05af is-vertical is-content-justification-left is-nowrap is-layout-flex wp-container-core-group-is-layout-24c6290a wp-block-group-is-layout-flex\" style=\"margin-top:0;margin-bottom:0\">\n<h2 class=\"wp-block-heading has-text-align-center has-base-color has-text-color has-link-color wp-elements-d4d61bd4b04b9489b1e47cdc2c5b3442\" style=\"font-size:clamp(31.152px, 1.947rem + ((1vw - 3.2px) * 2.129), 55px);font-style:normal;font-weight:700;text-transform:none\">Contacte-nos<\/h2>\n\n\n\n<p class=\"has-base-color has-text-color has-link-color wp-elements-05ddc4d7533860d745054b1cd0f0b643\">A nossa equipa internacional est\u00e1 dispon\u00edvel para apoiar as suas ambi\u00e7\u00f5es de importa\u00e7\u00e3o, com membros em toda a Europa. Contacte-nos hoje para discutir como alcan\u00e7ar o sucesso ao escolher carne de qualidade do Reino Unido.<\/p>\n<\/div>\n\n\n\n<div class=\"wp-block-group is-content-justification-left is-layout-flex wp-container-core-group-is-layout-b4189176 wp-block-group-is-layout-flex\">\n<figure class=\"wp-block-image size-full is-resized has-custom-border is-style-rounded is-style-rounded--1\"><img loading=\"lazy\" decoding=\"async\" width=\"1240\" height=\"1240\" src=\"https:\/\/qualitymeatfrombritain.com\/wp-content\/uploads\/2024\/11\/ahdb_team.webp\" alt=\"AHDB European Team\" class=\"wp-image-1177\" style=\"border-radius:100%;object-fit:cover;width:300px;height:300px\" srcset=\"https:\/\/qualitymeatfrombritain.com\/wp-content\/uploads\/2024\/11\/ahdb_team.webp 1240w, https:\/\/qualitymeatfrombritain.com\/wp-content\/uploads\/2024\/11\/ahdb_team-300x300.webp 300w, https:\/\/qualitymeatfrombritain.com\/wp-content\/uploads\/2024\/11\/ahdb_team-1024x1024.webp 1024w, https:\/\/qualitymeatfrombritain.com\/wp-content\/uploads\/2024\/11\/ahdb_team-150x150.webp 150w, https:\/\/qualitymeatfrombritain.com\/wp-content\/uploads\/2024\/11\/ahdb_team-768x768.webp 768w\" sizes=\"auto, (max-width: 1240px) 100vw, 1240px\" \/><\/figure>\n\n\n\n<div class=\"wp-block-buttons has-custom-font-size has-avenir-font-family is-vertical is-content-justification-right is-layout-flex wp-container-core-buttons-is-layout-c0d519fa wp-block-buttons-is-layout-flex\" style=\"font-size:clamp(14px, 0.875rem + ((1vw - 3.2px) * 0.536), 20px);text-transform:capitalize\">\n<div class=\"wp-block-button is-style-fill button-arrow-after button-hover-white-effect\" style=\"text-transform:capitalize\"><a class=\"wp-block-button__link has-base-color has-text-color has-background has-link-color has-border-color has-base-border-color wp-element-button\" href=\"https:\/\/qualitymeatfrombritain.com\/pt-pt\/contactar\/\" style=\"border-style:solid;border-width:3px;border-radius:0px;background-color:#ffffff00;padding-top:16px;padding-right:20px;padding-bottom:16px;padding-left:20px\">Contacte-nos<\/a><\/div>\n<\/div>\n<\/div>\n<\/div>\n<\/div>\n<\/div>\n","protected":false},"excerpt":{"rendered":"<p>Quem \u00e9 a AHDB A \u201cAgriculture &amp; Horticulture Development Board (AHDB)\u201d \u00e9 uma organiza\u00e7\u00e3o da ind\u00fastria financiada pelos criadores de gado do Reino Unido e outros da cadeia de fornecimento agr\u00edcola para ajudar na progress\u00e3o econ\u00f3mica do sector num contexto de permanente evolu\u00e7\u00e3o e mudan\u00e7a. O objectivo da AHDB \u00e9 atingir um n\u00edvel superior na [&hellip;]<\/p>\n","protected":false},"author":1,"featured_media":1352,"parent":0,"menu_order":0,"comment_status":"closed","ping_status":"closed","template":"","meta":{"_acf_changed":false,"footnotes":""},"class_list":["post-1792","page","type-page","status-publish","has-post-thumbnail","hentry"],"acf":[],"_links":{"self":[{"href":"https:\/\/qualitymeatfrombritain.com\/pt-pt\/wp-json\/wp\/v2\/pages\/1792","targetHints":{"allow":["GET"]}}],"collection":[{"href":"https:\/\/qualitymeatfrombritain.com\/pt-pt\/wp-json\/wp\/v2\/pages"}],"about":[{"href":"https:\/\/qualitymeatfrombritain.com\/pt-pt\/wp-json\/wp\/v2\/types\/page"}],"author":[{"embeddable":true,"href":"https:\/\/qualitymeatfrombritain.com\/pt-pt\/wp-json\/wp\/v2\/users\/1"}],"replies":[{"embeddable":true,"href":"https:\/\/qualitymeatfrombritain.com\/pt-pt\/wp-json\/wp\/v2\/comments?post=1792"}],"version-history":[{"count":2,"href":"https:\/\/qualitymeatfrombritain.com\/pt-pt\/wp-json\/wp\/v2\/pages\/1792\/revisions"}],"predecessor-version":[{"id":2572,"href":"https:\/\/qualitymeatfrombritain.com\/pt-pt\/wp-json\/wp\/v2\/pages\/1792\/revisions\/2572"}],"wp:featuredmedia":[{"embeddable":true,"href":"https:\/\/qualitymeatfrombritain.com\/pt-pt\/wp-json\/wp\/v2\/media\/1352"}],"wp:attachment":[{"href":"https:\/\/qualitymeatfrombritain.com\/pt-pt\/wp-json\/wp\/v2\/media?parent=1792"}],"curies":[{"name":"wp","href":"https:\/\/api.w.org\/{rel}","templated":true}]}}